{"id":29351,"date":"2024-04-13T20:52:35","date_gmt":"2024-04-13T18:52:35","guid":{"rendered":"https:\/\/gate-of-nations.org\/versicherung\/"},"modified":"2025-07-03T13:23:20","modified_gmt":"2025-07-03T11:23:20","slug":"versicherung","status":"publish","type":"page","link":"https:\/\/gate-of-nations.org\/de\/versicherung\/","title":{"rendered":"Versicherung"},"content":{"rendered":"\t\t<div data-elementor-type=\"wp-page\" data-elementor-id=\"29351\" class=\"elementor elementor-29351 elementor-24525\" data-elementor-settings=\"{&quot;element_pack_global_tooltip_width&quot;:{&quot;unit&quot;:&quot;px&quot;,&quot;size&quot;:&quot;&quot;,&quot;sizes&quot;:[]},&quot;element_pack_global_tooltip_width_tablet&quot;:{&quot;unit&quot;:&quot;px&quot;,&quot;size&quot;:&quot;&quot;,&quot;sizes&quot;:[]},&quot;element_pack_global_tooltip_width_mobile&quot;:{&quot;unit&quot;:&quot;px&quot;,&quot;size&quot;:&quot;&quot;,&quot;sizes&quot;:[]},&quot;element_pack_global_tooltip_padding&quot;:{&quot;unit&quot;:&quot;px&quot;,&quot;top&quot;:&quot;&quot;,&quot;right&quot;:&quot;&quot;,&quot;bottom&quot;:&quot;&quot;,&quot;left&quot;:&quot;&quot;,&quot;isLinked&quot;:true},&quot;element_pack_global_tooltip_padding_tablet&quot;:{&quot;unit&quot;:&quot;px&quot;,&quot;top&quot;:&quot;&quot;,&quot;right&quot;:&quot;&quot;,&quot;bottom&quot;:&quot;&quot;,&quot;left&quot;:&quot;&quot;,&quot;isLinked&quot;:true},&quot;element_pack_global_tooltip_padding_mobile&quot;:{&quot;unit&quot;:&quot;px&quot;,&quot;top&quot;:&quot;&quot;,&quot;right&quot;:&quot;&quot;,&quot;bottom&quot;:&quot;&quot;,&quot;left&quot;:&quot;&quot;,&quot;isLinked&quot;:true},&quot;element_pack_global_tooltip_border_radius&quot;:{&quot;unit&quot;:&quot;px&quot;,&quot;top&quot;:&quot;&quot;,&quot;right&quot;:&quot;&quot;,&quot;bottom&quot;:&quot;&quot;,&quot;left&quot;:&quot;&quot;,&quot;isLinked&quot;:true},&quot;element_pack_global_tooltip_border_radius_tablet&quot;:{&quot;unit&quot;:&quot;px&quot;,&quot;top&quot;:&quot;&quot;,&quot;right&quot;:&quot;&quot;,&quot;bottom&quot;:&quot;&quot;,&quot;left&quot;:&quot;&quot;,&quot;isLinked&quot;:true},&quot;element_pack_global_tooltip_border_radius_mobile&quot;:{&quot;unit&quot;:&quot;px&quot;,&quot;top&quot;:&quot;&quot;,&quot;right&quot;:&quot;&quot;,&quot;bottom&quot;:&quot;&quot;,&quot;left&quot;:&quot;&quot;,&quot;isLinked&quot;:true}}\" data-elementor-post-type=\"page\">\n\t\t\t\t<div class=\"elementor-element elementor-element-ff690f4 e-flex e-con-boxed e-con e-parent\" data-id=\"ff690f4\" data-element_type=\"container\" data-e-type=\"container\">\n\t\t\t\t\t<div class=\"e-con-inner\">\n\t\t\t\t<div class=\"elementor-element elementor-element-7a76d3f elementor-widget elementor-widget-heading\" data-id=\"7a76d3f\" data-element_type=\"widget\" data-e-type=\"widget\" data-widget_type=\"heading.default\">\n\t\t\t\t<div class=\"elementor-widget-container\">\n\t\t\t\t\t<h2 class=\"elementor-heading-title elementor-size-default\">Reiseversicherung<\/h2>\t\t\t\t<\/div>\n\t\t\t\t<\/div>\n\t\t\t\t\t<\/div>\n\t\t\t\t<\/div>\n\t\t<div class=\"elementor-element elementor-element-e543b81 e-flex e-con-boxed e-con e-parent\" data-id=\"e543b81\" data-element_type=\"container\" data-e-type=\"container\">\n\t\t\t\t\t<div class=\"e-con-inner\">\n\t\t<div class=\"elementor-element elementor-element-da68673 e-con-full e-flex e-con e-child\" data-id=\"da68673\" data-element_type=\"container\" data-e-type=\"container\">\n\t\t\t\t<div class=\"elementor-element elementor-element-f903301 elementor-widget elementor-widget-heading\" data-id=\"f903301\" data-element_type=\"widget\" data-e-type=\"widget\" data-widget_type=\"heading.default\">\n\t\t\t\t<div class=\"elementor-widget-container\">\n\t\t\t\t\t<h2 class=\"elementor-heading-title elementor-size-default\">Kundengeldversicherung<\/h2>\t\t\t\t<\/div>\n\t\t\t\t<\/div>\n\t\t\t\t<div class=\"elementor-element elementor-element-59c10a9 elementor-widget elementor-widget-text-editor\" data-id=\"59c10a9\" data-element_type=\"widget\" data-e-type=\"widget\" data-widget_type=\"text-editor.default\">\n\t\t\t\t<div class=\"elementor-widget-container\">\n\t\t\t\t\t\t\t\t\t<div class=\"wpb_text_column wpb_content_element vc_custom_1558003671751\">\n<div class=\"wpb_wrapper\">Die Gate of Nations GmbH ist gem\u00e4\u00df \u00a7 651r BGB bei der R + V Allgemeine Versicherung AG versichert.<\/div>\n<p><\/p>\n<div class=\"wpb_wrapper\">Im Falle einer Insolvenz werden Ihnen Ihre Zahlungen zur\u00fcckerstattet.<\/div>\n<p><\/p>\n<div class=\"wpb_wrapper\">Tritt die Insolvenz nach Beginn der Pauschalreise ein und ist die Bef\u00f6rderung Bestandteil einer Pauschalreise, wird die R\u00fcckbef\u00f6rderung der Reisenden gew\u00e4hrleistet.<\/div>\n<p><\/div>\n\t\t\t\t\t\t\t\t<\/div>\n\t\t\t\t<\/div>\n\t\t\t\t<div class=\"elementor-element elementor-element-c103a80 elementor-widget elementor-widget-heading\" data-id=\"c103a80\" data-element_type=\"widget\" data-e-type=\"widget\" data-widget_type=\"heading.default\">\n\t\t\t\t<div class=\"elementor-widget-container\">\n\t\t\t\t\t<h2 class=\"elementor-heading-title elementor-size-default\">Mehr Informationen<\/h2>\t\t\t\t<\/div>\n\t\t\t\t<\/div>\n\t\t\t\t<div class=\"elementor-element elementor-element-660b50e elementor-widget elementor-widget-text-editor\" data-id=\"660b50e\" data-element_type=\"widget\" data-e-type=\"widget\" data-widget_type=\"text-editor.default\">\n\t\t\t\t<div class=\"elementor-widget-container\">\n\t\t\t\t\t\t\t\t\t<div class=\"wpb_text_column wpb_content_element vc_custom_1558003671751\">\n<div class=\"wpb_wrapper\"><strong><a href=\"https:\/\/gate-of-nations.org\/wp-content\/uploads\/2024\/07\/hb_r_a4.pdf\">Sicherungsschein fur Pauschalreisen<\/a><\/strong><\/div>\n<p><\/div>\n<p><strong><a href=\"https:\/\/gate-of-nations.org\/wp-content\/uploads\/2024\/07\/hb_rw_a4.pdf\">Sicherungsschein fur verbundene<\/a><br \/>\n<a href=\"https:\/\/gate-of-nations.org\/wp-content\/uploads\/2024\/07\/hb_r_lang.pdf\">Sicherungsschein fur Pauschalreisen gemaB \u00a7 651r<\/a><br \/>\n<a href=\"https:\/\/gate-of-nations.org\/wp-content\/uploads\/2024\/07\/hb_rw_lang.pdf\">Sicherungsschein fur verbundene Reiseleistungen gemaB \u00a7\u00a7 651r<\/a><br \/>\n<\/strong><\/p>\n<div class=\"wpb_text_column wpb_content_element \">\n<div class=\"wpb_wrapper\">\n<h6>Weitere Informationen finden Sie auch auf dieser <a href=\"https:\/\/www.ruv.de\/firmenkunden\/kautionsversicherung\/kautionsversicherung-reise\" target=\"_blank\" rel=\"noopener noreferrer\">Seite<\/a>.<\/h6>\n<\/div>\n<p><\/div>\n\t\t\t\t\t\t\t\t<\/div>\n\t\t\t\t<\/div>\n\t\t\t\t<\/div>\n\t\t<div class=\"elementor-element elementor-element-2bbf972 e-con-full e-flex e-con e-child\" data-id=\"2bbf972\" data-element_type=\"container\" data-e-type=\"container\">\n\t\t\t\t<div class=\"elementor-element elementor-element-a7a70f2 dce_masking-none elementor-widget elementor-widget-image\" data-id=\"a7a70f2\" data-element_type=\"widget\" data-e-type=\"widget\" data-widget_type=\"image.default\">\n\t\t\t\t<div class=\"elementor-widget-container\">\n\t\t\t\t\t\t\t\t\t\t\t\t\t\t\t<img fetchpriority=\"high\" decoding=\"async\" width=\"1181\" height=\"1181\" src=\"https:\/\/gate-of-nations.org\/wp-content\/uploads\/2024\/07\/Gutesiegel.jpg\" class=\"attachment-full size-full wp-image-31246 wvs-archive-product-image\" alt=\"\" srcset=\"https:\/\/gate-of-nations.org\/wp-content\/uploads\/2024\/07\/Gutesiegel.jpg.webp 1181w, https:\/\/gate-of-nations.org\/wp-content\/uploads\/2024\/07\/Gutesiegel-150x150.jpg.webp 150w, https:\/\/gate-of-nations.org\/wp-content\/uploads\/2024\/07\/Gutesiegel-768x768.jpg.webp 768w, https:\/\/gate-of-nations.org\/wp-content\/uploads\/2024\/07\/Gutesiegel-1536x1536.jpg.webp 1536w, https:\/\/gate-of-nations.org\/wp-content\/uploads\/2024\/07\/Gutesiegel-2048x2048.jpg.webp 2048w, https:\/\/gate-of-nations.org\/wp-content\/uploads\/2024\/07\/Gutesiegel-700x700.jpg.webp 700w, https:\/\/gate-of-nations.org\/wp-content\/uploads\/2024\/07\/Gutesiegel-430x430.jpg.webp 430w, https:\/\/gate-of-nations.org\/wp-content\/uploads\/2024\/07\/Gutesiegel-100x100.jpg.webp 100w\" sizes=\"(max-width: 1181px) 100vw, 1181px\" \/>\t\t\t\t\t\t\t\t\t\t\t\t\t\t\t<\/div>\n\t\t\t\t<\/div>\n\t\t\t\t<div class=\"elementor-element elementor-element-f9586c4 dce_masking-none elementor-widget elementor-widget-image\" data-id=\"f9586c4\" data-element_type=\"widget\" data-e-type=\"widget\" data-widget_type=\"image.default\">\n\t\t\t\t<div class=\"elementor-widget-container\">\n\t\t\t\t\t\t\t\t\t\t\t\t<figure class=\"wp-caption\">\n\t\t\t\t\t\t\t\t\t\t<img decoding=\"async\" width=\"296\" height=\"170\" src=\"https:\/\/gate-of-nations.org\/wp-content\/uploads\/2024\/07\/images.jpeg\" class=\"attachment-full size-full wp-image-31460 wvs-archive-product-image\" alt=\"\" srcset=\"https:\/\/gate-of-nations.org\/wp-content\/uploads\/2024\/07\/images.jpeg.webp 296w, https:\/\/gate-of-nations.org\/wp-content\/uploads\/2024\/07\/images-768x441.jpeg.webp 768w, https:\/\/gate-of-nations.org\/wp-content\/uploads\/2024\/07\/images-430x246.jpeg.webp 430w, https:\/\/gate-of-nations.org\/wp-content\/uploads\/2024\/07\/images-700x402.jpeg.webp 700w\" sizes=\"(max-width: 296px) 100vw, 296px\" \/>\t\t\t\t\t\t\t\t\t\t\t<figcaption class=\"widget-image-caption wp-caption-text\">Gate of Nations ist versichert bei der Hansemerkur Reisehaftpflichtversicherung<\/figcaption>\n\t\t\t\t\t\t\t\t\t\t<\/figure>\n\t\t\t\t\t\t\t\t\t<\/div>\n\t\t\t\t<\/div>\n\t\t\t\t<\/div>\n\t\t\t\t\t<\/div>\n\t\t\t\t<\/div>\n\t\t\t\t<\/div>\n\t\t","protected":false},"excerpt":{"rendered":"<p>Reiseversicherung Kundengeldversicherung Die Gate of Nations GmbH ist gem\u00e4\u00df \u00a7 651r BGB bei der R + V Allgemeine Versicherung AG versichert. Im Falle einer Insolvenz werden Ihnen Ihre Zahlungen zur\u00fcckerstattet. Tritt die Insolvenz nach Beginn der Pauschalreise ein und ist die Bef\u00f6rderung Bestandteil einer Pauschalreise, wird die R\u00fcckbef\u00f6rderung der Reisenden gew\u00e4hrleistet. Mehr Informationen Sicherungsschein fur [&hellip;]<\/p>\n","protected":false},"author":2,"featured_media":0,"parent":0,"menu_order":0,"comment_status":"closed","ping_status":"closed","template":"elementor_header_footer","meta":{"_acf_changed":false,"footnotes":""},"class_list":["post-29351","page","type-page","status-publish","hentry"],"acf":[],"yoast_head":"<!-- This site is optimized with the Yoast SEO Premium plugin v27.0 (Yoast SEO v27.4) - https:\/\/yoast.com\/product\/yoast-seo-premium-wordpress\/ -->\n<title>Reiseversicherung f\u00fcr Pauschalreisen | Gate of Nations<\/title>\n<meta name=\"description\" content=\"Sichern Sie sich Ihre Pauschalreise mit einer Reiseversicherung von Gate of Nations und genie\u00dfen Sie sorgenfreie Sicherheit.\" \/>\n<meta name=\"robots\" content=\"index, follow, max-snippet:-1, max-image-preview:large, max-video-preview:-1\" \/>\n<link rel=\"canonical\" href=\"https:\/\/gate-of-nations.org\/de\/versicherung\/\" \/>\n<meta property=\"og:locale\" content=\"de_DE\" \/>\n<meta property=\"og:type\" content=\"article\" \/>\n<meta property=\"og:title\" content=\"German Tour Operator\" \/>\n<meta property=\"og:description\" content=\"Sichern Sie sich Ihre Pauschalreise mit einer Reiseversicherung von Gate of Nations und genie\u00dfen Sie sorgenfreie Sicherheit.\" \/>\n<meta property=\"og:url\" content=\"https:\/\/gate-of-nations.org\/de\/versicherung\/\" \/>\n<meta property=\"og:site_name\" content=\"German Tour Operator\" \/>\n<meta property=\"article:publisher\" content=\"https:\/\/www.facebook.com\/GateOfNations\/\" \/>\n<meta property=\"article:modified_time\" content=\"2025-07-03T11:23:20+00:00\" \/>\n<meta property=\"og:image\" content=\"https:\/\/gate-of-nations.org\/wp-content\/uploads\/2024\/07\/Gutesiegel.jpg\" \/>\n\t<meta property=\"og:image:width\" content=\"1181\" \/>\n\t<meta property=\"og:image:height\" content=\"1181\" \/>\n\t<meta property=\"og:image:type\" content=\"image\/jpeg\" \/>\n<meta name=\"twitter:card\" content=\"summary_large_image\" \/>\n<meta name=\"twitter:site\" content=\"@Gate_Of_Nations\" \/>\n<script type=\"application\/ld+json\" class=\"yoast-schema-graph\">{\"@context\":\"https:\\\/\\\/schema.org\",\"@graph\":[{\"@type\":\"WebPage\",\"@id\":\"https:\\\/\\\/gate-of-nations.org\\\/de\\\/versicherung\\\/\",\"url\":\"https:\\\/\\\/gate-of-nations.org\\\/de\\\/versicherung\\\/\",\"name\":\"Reiseversicherung f\u00fcr Pauschalreisen | Gate of Nations\",\"isPartOf\":{\"@id\":\"https:\\\/\\\/gate-of-nations.org\\\/#website\"},\"primaryImageOfPage\":{\"@id\":\"https:\\\/\\\/gate-of-nations.org\\\/de\\\/versicherung\\\/#primaryimage\"},\"image\":{\"@id\":\"https:\\\/\\\/gate-of-nations.org\\\/de\\\/versicherung\\\/#primaryimage\"},\"thumbnailUrl\":\"https:\\\/\\\/gate-of-nations.org\\\/wp-content\\\/uploads\\\/2024\\\/07\\\/Gutesiegel.jpg\",\"datePublished\":\"2024-04-13T18:52:35+00:00\",\"dateModified\":\"2025-07-03T11:23:20+00:00\",\"description\":\"Sichern Sie sich Ihre Pauschalreise mit einer Reiseversicherung von Gate of Nations und genie\u00dfen Sie sorgenfreie Sicherheit.\",\"breadcrumb\":{\"@id\":\"https:\\\/\\\/gate-of-nations.org\\\/de\\\/versicherung\\\/#breadcrumb\"},\"inLanguage\":\"de\",\"potentialAction\":[{\"@type\":\"ReadAction\",\"target\":[\"https:\\\/\\\/gate-of-nations.org\\\/de\\\/versicherung\\\/\"]}]},{\"@type\":\"ImageObject\",\"inLanguage\":\"de\",\"@id\":\"https:\\\/\\\/gate-of-nations.org\\\/de\\\/versicherung\\\/#primaryimage\",\"url\":\"https:\\\/\\\/gate-of-nations.org\\\/wp-content\\\/uploads\\\/2024\\\/07\\\/Gutesiegel.jpg\",\"contentUrl\":\"https:\\\/\\\/gate-of-nations.org\\\/wp-content\\\/uploads\\\/2024\\\/07\\\/Gutesiegel.jpg\"},{\"@type\":\"BreadcrumbList\",\"@id\":\"https:\\\/\\\/gate-of-nations.org\\\/de\\\/versicherung\\\/#breadcrumb\",\"itemListElement\":[{\"@type\":\"ListItem\",\"position\":1,\"name\":\"Home\",\"item\":\"https:\\\/\\\/gate-of-nations.org\\\/\"},{\"@type\":\"ListItem\",\"position\":2,\"name\":\"Versicherung\"}]},{\"@type\":\"WebSite\",\"@id\":\"https:\\\/\\\/gate-of-nations.org\\\/#website\",\"url\":\"https:\\\/\\\/gate-of-nations.org\\\/\",\"name\":\"German Tour Operator\",\"description\":\"German Tour Operator\",\"publisher\":{\"@id\":\"https:\\\/\\\/gate-of-nations.org\\\/#organization\"},\"alternateName\":\"Gate Of Nations\",\"potentialAction\":[{\"@type\":\"SearchAction\",\"target\":{\"@type\":\"EntryPoint\",\"urlTemplate\":\"https:\\\/\\\/gate-of-nations.org\\\/?s={search_term_string}\"},\"query-input\":{\"@type\":\"PropertyValueSpecification\",\"valueRequired\":true,\"valueName\":\"search_term_string\"}}],\"inLanguage\":\"de\"},{\"@type\":\"Organization\",\"@id\":\"https:\\\/\\\/gate-of-nations.org\\\/#organization\",\"name\":\"Gate Of Nations GmbH\",\"alternateName\":\"Gate Of Nations\",\"url\":\"https:\\\/\\\/gate-of-nations.org\\\/\",\"logo\":{\"@type\":\"ImageObject\",\"inLanguage\":\"de\",\"@id\":\"https:\\\/\\\/gate-of-nations.org\\\/#\\\/schema\\\/logo\\\/image\\\/\",\"url\":\"https:\\\/\\\/gate-of-nations.org\\\/wp-content\\\/uploads\\\/2024\\\/06\\\/Untitled-1.png\",\"contentUrl\":\"https:\\\/\\\/gate-of-nations.org\\\/wp-content\\\/uploads\\\/2024\\\/06\\\/Untitled-1.png\",\"width\":1920,\"height\":1080,\"caption\":\"Gate Of Nations GmbH\"},\"image\":{\"@id\":\"https:\\\/\\\/gate-of-nations.org\\\/#\\\/schema\\\/logo\\\/image\\\/\"},\"sameAs\":[\"https:\\\/\\\/www.facebook.com\\\/GateOfNations\\\/\",\"https:\\\/\\\/x.com\\\/Gate_Of_Nations\",\"https:\\\/\\\/www.youtube.com\\\/channel\\\/UC3e4sfL8N3NTUz2gAU_o3ww\",\"https:\\\/\\\/www.linkedin.com\\\/company\\\/18805700\\\/admin\\\/dashboard\\\/\",\"https:\\\/\\\/www.pinterest.de\\\/GateOfNations\\\/\",\"https:\\\/\\\/www.instagram.com\\\/gate_of_nations?igsh=MXQ0d2YwejZ5aWFjYg&utm_source=qr\"],\"description\":\"Gate of Nations is a German tour operator that providing escorted and self-guided tours of Europe, the Middle East, Persian and even more. Although our main focus is to connect different cultures and nationalities in the form of travel and introduce global values to visited and discovered, The introduction is not limited to tours and travel, but to arts and culture: we also support music concerts and workshops and other artistic and cultural events\u2026\",\"email\":\"info@gate-of-nations.org\",\"telephone\":\"(+49) 43122122198\",\"legalName\":\"Gate of Nations\",\"numberOfEmployees\":{\"@type\":\"QuantitativeValue\",\"minValue\":\"1\",\"maxValue\":\"10\"}}]}<\/script>\n<!-- \/ Yoast SEO Premium plugin. -->","yoast_head_json":{"title":"Reiseversicherung f\u00fcr Pauschalreisen | Gate of Nations","description":"Sichern Sie sich Ihre Pauschalreise mit einer Reiseversicherung von Gate of Nations und genie\u00dfen Sie sorgenfreie Sicherheit.","robots":{"index":"index","follow":"follow","max-snippet":"max-snippet:-1","max-image-preview":"max-image-preview:large","max-video-preview":"max-video-preview:-1"},"canonical":"https:\/\/gate-of-nations.org\/de\/versicherung\/","og_locale":"de_DE","og_type":"article","og_title":"German Tour Operator","og_description":"Sichern Sie sich Ihre Pauschalreise mit einer Reiseversicherung von Gate of Nations und genie\u00dfen Sie sorgenfreie Sicherheit.","og_url":"https:\/\/gate-of-nations.org\/de\/versicherung\/","og_site_name":"German Tour Operator","article_publisher":"https:\/\/www.facebook.com\/GateOfNations\/","article_modified_time":"2025-07-03T11:23:20+00:00","og_image":[{"width":1181,"height":1181,"url":"https:\/\/gate-of-nations.org\/wp-content\/uploads\/2024\/07\/Gutesiegel.jpg","type":"image\/jpeg"}],"twitter_card":"summary_large_image","twitter_site":"@Gate_Of_Nations","schema":{"@context":"https:\/\/schema.org","@graph":[{"@type":"WebPage","@id":"https:\/\/gate-of-nations.org\/de\/versicherung\/","url":"https:\/\/gate-of-nations.org\/de\/versicherung\/","name":"Reiseversicherung f\u00fcr Pauschalreisen | Gate of Nations","isPartOf":{"@id":"https:\/\/gate-of-nations.org\/#website"},"primaryImageOfPage":{"@id":"https:\/\/gate-of-nations.org\/de\/versicherung\/#primaryimage"},"image":{"@id":"https:\/\/gate-of-nations.org\/de\/versicherung\/#primaryimage"},"thumbnailUrl":"https:\/\/gate-of-nations.org\/wp-content\/uploads\/2024\/07\/Gutesiegel.jpg","datePublished":"2024-04-13T18:52:35+00:00","dateModified":"2025-07-03T11:23:20+00:00","description":"Sichern Sie sich Ihre Pauschalreise mit einer Reiseversicherung von Gate of Nations und genie\u00dfen Sie sorgenfreie Sicherheit.","breadcrumb":{"@id":"https:\/\/gate-of-nations.org\/de\/versicherung\/#breadcrumb"},"inLanguage":"de","potentialAction":[{"@type":"ReadAction","target":["https:\/\/gate-of-nations.org\/de\/versicherung\/"]}]},{"@type":"ImageObject","inLanguage":"de","@id":"https:\/\/gate-of-nations.org\/de\/versicherung\/#primaryimage","url":"https:\/\/gate-of-nations.org\/wp-content\/uploads\/2024\/07\/Gutesiegel.jpg","contentUrl":"https:\/\/gate-of-nations.org\/wp-content\/uploads\/2024\/07\/Gutesiegel.jpg"},{"@type":"BreadcrumbList","@id":"https:\/\/gate-of-nations.org\/de\/versicherung\/#breadcrumb","itemListElement":[{"@type":"ListItem","position":1,"name":"Home","item":"https:\/\/gate-of-nations.org\/"},{"@type":"ListItem","position":2,"name":"Versicherung"}]},{"@type":"WebSite","@id":"https:\/\/gate-of-nations.org\/#website","url":"https:\/\/gate-of-nations.org\/","name":"German Tour Operator","description":"German Tour Operator","publisher":{"@id":"https:\/\/gate-of-nations.org\/#organization"},"alternateName":"Gate Of Nations","potentialAction":[{"@type":"SearchAction","target":{"@type":"EntryPoint","urlTemplate":"https:\/\/gate-of-nations.org\/?s={search_term_string}"},"query-input":{"@type":"PropertyValueSpecification","valueRequired":true,"valueName":"search_term_string"}}],"inLanguage":"de"},{"@type":"Organization","@id":"https:\/\/gate-of-nations.org\/#organization","name":"Gate Of Nations GmbH","alternateName":"Gate Of Nations","url":"https:\/\/gate-of-nations.org\/","logo":{"@type":"ImageObject","inLanguage":"de","@id":"https:\/\/gate-of-nations.org\/#\/schema\/logo\/image\/","url":"https:\/\/gate-of-nations.org\/wp-content\/uploads\/2024\/06\/Untitled-1.png","contentUrl":"https:\/\/gate-of-nations.org\/wp-content\/uploads\/2024\/06\/Untitled-1.png","width":1920,"height":1080,"caption":"Gate Of Nations GmbH"},"image":{"@id":"https:\/\/gate-of-nations.org\/#\/schema\/logo\/image\/"},"sameAs":["https:\/\/www.facebook.com\/GateOfNations\/","https:\/\/x.com\/Gate_Of_Nations","https:\/\/www.youtube.com\/channel\/UC3e4sfL8N3NTUz2gAU_o3ww","https:\/\/www.linkedin.com\/company\/18805700\/admin\/dashboard\/","https:\/\/www.pinterest.de\/GateOfNations\/","https:\/\/www.instagram.com\/gate_of_nations?igsh=MXQ0d2YwejZ5aWFjYg&utm_source=qr"],"description":"Gate of Nations is a German tour operator that providing escorted and self-guided tours of Europe, the Middle East, Persian and even more. Although our main focus is to connect different cultures and nationalities in the form of travel and introduce global values to visited and discovered, The introduction is not limited to tours and travel, but to arts and culture: we also support music concerts and workshops and other artistic and cultural events\u2026","email":"info@gate-of-nations.org","telephone":"(+49) 43122122198","legalName":"Gate of Nations","numberOfEmployees":{"@type":"QuantitativeValue","minValue":"1","maxValue":"10"}}]}},"_links":{"self":[{"href":"https:\/\/gate-of-nations.org\/de\/wp-json\/wp\/v2\/pages\/29351","targetHints":{"allow":["GET"]}}],"collection":[{"href":"https:\/\/gate-of-nations.org\/de\/wp-json\/wp\/v2\/pages"}],"about":[{"href":"https:\/\/gate-of-nations.org\/de\/wp-json\/wp\/v2\/types\/page"}],"author":[{"embeddable":true,"href":"https:\/\/gate-of-nations.org\/de\/wp-json\/wp\/v2\/users\/2"}],"replies":[{"embeddable":true,"href":"https:\/\/gate-of-nations.org\/de\/wp-json\/wp\/v2\/comments?post=29351"}],"version-history":[{"count":0,"href":"https:\/\/gate-of-nations.org\/de\/wp-json\/wp\/v2\/pages\/29351\/revisions"}],"wp:attachment":[{"href":"https:\/\/gate-of-nations.org\/de\/wp-json\/wp\/v2\/media?parent=29351"}],"curies":[{"name":"wp","href":"https:\/\/api.w.org\/{rel}","templated":true}]}}