{"id":30274,"date":"2024-07-06T17:11:09","date_gmt":"2024-07-06T15:11:09","guid":{"rendered":"https:\/\/gate-of-nations.org\/impressum\/"},"modified":"2024-11-12T13:36:10","modified_gmt":"2024-11-12T12:36:10","slug":"impressum","status":"publish","type":"page","link":"https:\/\/gate-of-nations.org\/de\/impressum\/","title":{"rendered":"Impressum"},"content":{"rendered":"\t\t<div data-elementor-type=\"wp-page\" data-elementor-id=\"30274\" class=\"elementor elementor-30274 elementor-30199\" data-elementor-settings=\"{&quot;element_pack_global_tooltip_width&quot;:{&quot;unit&quot;:&quot;px&quot;,&quot;size&quot;:&quot;&quot;,&quot;sizes&quot;:[]},&quot;element_pack_global_tooltip_width_tablet&quot;:{&quot;unit&quot;:&quot;px&quot;,&quot;size&quot;:&quot;&quot;,&quot;sizes&quot;:[]},&quot;element_pack_global_tooltip_width_mobile&quot;:{&quot;unit&quot;:&quot;px&quot;,&quot;size&quot;:&quot;&quot;,&quot;sizes&quot;:[]},&quot;element_pack_global_tooltip_padding&quot;:{&quot;unit&quot;:&quot;px&quot;,&quot;top&quot;:&quot;&quot;,&quot;right&quot;:&quot;&quot;,&quot;bottom&quot;:&quot;&quot;,&quot;left&quot;:&quot;&quot;,&quot;isLinked&quot;:true},&quot;element_pack_global_tooltip_padding_tablet&quot;:{&quot;unit&quot;:&quot;px&quot;,&quot;top&quot;:&quot;&quot;,&quot;right&quot;:&quot;&quot;,&quot;bottom&quot;:&quot;&quot;,&quot;left&quot;:&quot;&quot;,&quot;isLinked&quot;:true},&quot;element_pack_global_tooltip_padding_mobile&quot;:{&quot;unit&quot;:&quot;px&quot;,&quot;top&quot;:&quot;&quot;,&quot;right&quot;:&quot;&quot;,&quot;bottom&quot;:&quot;&quot;,&quot;left&quot;:&quot;&quot;,&quot;isLinked&quot;:true},&quot;element_pack_global_tooltip_border_radius&quot;:{&quot;unit&quot;:&quot;px&quot;,&quot;top&quot;:&quot;&quot;,&quot;right&quot;:&quot;&quot;,&quot;bottom&quot;:&quot;&quot;,&quot;left&quot;:&quot;&quot;,&quot;isLinked&quot;:true},&quot;element_pack_global_tooltip_border_radius_tablet&quot;:{&quot;unit&quot;:&quot;px&quot;,&quot;top&quot;:&quot;&quot;,&quot;right&quot;:&quot;&quot;,&quot;bottom&quot;:&quot;&quot;,&quot;left&quot;:&quot;&quot;,&quot;isLinked&quot;:true},&quot;element_pack_global_tooltip_border_radius_mobile&quot;:{&quot;unit&quot;:&quot;px&quot;,&quot;top&quot;:&quot;&quot;,&quot;right&quot;:&quot;&quot;,&quot;bottom&quot;:&quot;&quot;,&quot;left&quot;:&quot;&quot;,&quot;isLinked&quot;:true}}\" data-elementor-post-type=\"page\">\n\t\t\t\t<div class=\"elementor-element elementor-element-12cf219 e-flex e-con-boxed e-con e-parent\" data-id=\"12cf219\" data-element_type=\"container\" data-e-type=\"container\">\n\t\t\t\t\t<div class=\"e-con-inner\">\n\t\t\t\t<div class=\"elementor-element elementor-element-2ac2e90 elementor-widget elementor-widget-heading\" data-id=\"2ac2e90\" data-element_type=\"widget\" data-e-type=\"widget\" data-widget_type=\"heading.default\">\n\t\t\t\t<div class=\"elementor-widget-container\">\n\t\t\t\t\t<h2 class=\"elementor-heading-title elementor-size-default\"><span style=\"font-size:16.0pt;line-height:115%;,sans-serif\">Impressum<\/span><\/h2>\t\t\t\t<\/div>\n\t\t\t\t<\/div>\n\t\t\t\t<div class=\"elementor-element elementor-element-2290743 elementor-widget-divider--view-line elementor-widget elementor-widget-divider\" data-id=\"2290743\" data-element_type=\"widget\" data-e-type=\"widget\" data-widget_type=\"divider.default\">\n\t\t\t\t<div class=\"elementor-widget-container\">\n\t\t\t\t\t\t\t<div class=\"elementor-divider\">\n\t\t\t<span class=\"elementor-divider-separator\">\n\t\t\t\t\t\t<\/span>\n\t\t<\/div>\n\t\t\t\t\t\t<\/div>\n\t\t\t\t<\/div>\n\t\t\t\t<div class=\"elementor-element elementor-element-81c0dec elementor-widget elementor-widget-text-editor\" data-id=\"81c0dec\" data-element_type=\"widget\" data-e-type=\"widget\" data-widget_type=\"text-editor.default\">\n\t\t\t\t<div class=\"elementor-widget-container\">\n\t\t\t\t\t\t\t\t\t<p><strong><u>Provider Information<\/u><\/strong><\/p>\n<p>Gate of Nations GmbH<\/p>\n<p>Birkenweg 20, 24107 Kiel,Germany<\/p>\n<p><strong><u>Kontakt<\/u><\/strong><\/p>\n<p>Telefon: +49431 22122198<br \/>\nE-Mail: info@gate-of-nations.org<\/p>\n<p><strong><u>Vertreten durch<\/u><\/strong><\/p>\n<p>Gesch\u00e4ftsf\u00fchrer: Masoud Esmaeeli<\/p>\n<p><strong><u>Handelsregistereintrag<\/u><\/strong><\/p>\n<p>Entry in the commercial register.<br \/>\nRegister Court: Amtsgericht Kiel<br \/>\nRegister Number: HRB 26957 KI<\/p>\n<p><strong><u>VAT ID<\/u><\/strong><\/p>\n<p>Umsatzsteuer-Identifikationsnummer<br \/>\nUmsatzsteuer-Identifikationsnummer gem\u00e4\u00df \u00a727a Umsatzsteuergesetz: 20\/292\/35113<\/p>\n<p><strong><u>Haftungsausschluss<\/u><\/strong><\/p>\n<p>Haftung f\u00fcr Inhalte: Als Diensteanbieter sind wir gem\u00e4\u00df \u00a7 7 Abs.1 TMG f\u00fcr eigene Inhalte auf diesen Seiten nach den allgemeinen Gesetzen verantwortlich. TMG. Nach \u00a7\u00a7 8 bis 10 TMG sind wir als Diensteanbieter jedoch nicht verpflichtet, \u00fcbermittelte oder gespeicherte fremde Informationen zu \u00fcberwachen oder nach Umst\u00e4nden zu forschen, die auf eine rechtswidrige T\u00e4tigkeit hinweisen. Verpflichtungen zur Entfernung oder Sperrung der Nutzung von Informationen nach den allgemeinen Gesetzen bleiben hiervon unber\u00fchrt. Eine diesbez\u00fcgliche Haftung ist jedoch erst ab dem Zeitpunkt der Kenntnis einer konkreten Rechtsverletzung m\u00f6glich.<\/p>\n<p>Bei Bekanntwerden von entsprechenden Rechtsverletzungen werden wir diese Inhalte umgehend entfernen.<\/p>\n<p>Haftung f\u00fcr Links: Unser Angebot enth\u00e4lt Links zu externen Webseiten Dritter, auf deren Inhalte wir keinen Einfluss haben. Deshalb k\u00f6nnen wir f\u00fcr diese fremden Inhalte auch keine Gew\u00e4hr \u00fcbernehmen. The respective provider or operator of the sites is always<br \/>\nresponsible for the content of the linked sites. Die verlinkten Seiten wurden zum Zeitpunkt der Verlinkung auf m\u00f6gliche Rechtsverst\u00f6\u00dfe \u00fcberpr\u00fcft. Rechtswidrige Inhalte waren zum Zeitpunkt der Verlinkung nicht erkennbar. Eine permanente inhaltliche Kontrolle der verlinkten Seiten ist jedoch ohne konkrete Anhaltspunkte einer Rechtsverletzung nicht zumutbar. Bei Bekanntwerden von Rechtsverletzungen werden wir derartige Links umgehend entfernen.<\/p>\n<p><strong><u>Online-Streitbeilegung<\/u><\/strong><\/p>\n<p>Die Europ\u00e4ische Kommission stellt eine Plattform zur Online-Streitbeilegung (OS) bereit, die Sie unter <a href=\"http:\/\/ec.europa.eu\/consumers\/odr\/\">http:\/\/ec.europa.eu\/consumers\/odr\/<\/a>. We are neither obligated nor willing to participate in a dispute resolution procedure before a consumer arbitration board<\/p>\n\t\t\t\t\t\t\t\t<\/div>\n\t\t\t\t<\/div>\n\t\t\t\t<div class=\"elementor-element elementor-element-9cf3f4c elementor-widget-divider--view-line elementor-widget elementor-widget-divider\" data-id=\"9cf3f4c\" data-element_type=\"widget\" data-e-type=\"widget\" data-widget_type=\"divider.default\">\n\t\t\t\t<div class=\"elementor-widget-container\">\n\t\t\t\t\t\t\t<div class=\"elementor-divider\">\n\t\t\t<span class=\"elementor-divider-separator\">\n\t\t\t\t\t\t<\/span>\n\t\t<\/div>\n\t\t\t\t\t\t<\/div>\n\t\t\t\t<\/div>\n\t\t\t\t\t<\/div>\n\t\t\t\t<\/div>\n\t\t\t\t<\/div>\n\t\t","protected":false},"excerpt":{"rendered":"<p>Impressum Provider Information Gate of Nations GmbH Birkenweg 20, 24107 Kiel,Germany Kontakt Telefon: +49431 22122198 E-Mail: info@gate-of-nations.org Vertreten durch Gesch\u00e4ftsf\u00fchrer: Masoud Esmaeeli Handelsregistereintrag Entry in the commercial register. Register Court: Amtsgericht Kiel Register Number: HRB 26957 KI VAT ID Umsatzsteuer-Identifikationsnummer Umsatzsteuer-Identifikationsnummer gem\u00e4\u00df \u00a727a Umsatzsteuergesetz: 20\/292\/35113 Haftungsausschluss Haftung f\u00fcr Inhalte: Als Diensteanbieter sind wir gem\u00e4\u00df \u00a7 [&hellip;]<\/p>\n","protected":false},"author":2,"featured_media":30050,"parent":0,"menu_order":0,"comment_status":"closed","ping_status":"closed","template":"elementor_header_footer","meta":{"_acf_changed":false,"footnotes":""},"class_list":["post-30274","page","type-page","status-publish","has-post-thumbnail","hentry"],"acf":[],"yoast_head":"<!-- This site is optimized with the Yoast SEO Premium plugin v27.0 (Yoast SEO v27.3) - https:\/\/yoast.com\/product\/yoast-seo-premium-wordpress\/ -->\n<title>Impressum - German Tour Operator<\/title>\n<meta name=\"description\" content=\"Gate of Nations GmbH ist ein deutscher Reiseveranstalter, der begleitete und selbstgef\u00fchrte Touren durch Europa, den Nahen Osten, Persien und noch mehr anbietet.\" \/>\n<meta name=\"robots\" content=\"index, follow, max-snippet:-1, max-image-preview:large, max-video-preview:-1\" \/>\n<link rel=\"canonical\" href=\"https:\/\/gate-of-nations.org\/de\/impressum\/\" \/>\n<meta property=\"og:locale\" content=\"de_DE\" \/>\n<meta property=\"og:type\" content=\"article\" \/>\n<meta property=\"og:title\" content=\"German Tour Operator\" \/>\n<meta property=\"og:description\" content=\"Gate of Nations GmbH ist ein deutscher Reiseveranstalter, der begleitete und selbstgef\u00fchrte Touren durch Europa, den Nahen Osten, Persien und noch mehr anbietet.\" \/>\n<meta property=\"og:url\" content=\"https:\/\/gate-of-nations.org\/de\/impressum\/\" \/>\n<meta property=\"og:site_name\" content=\"German Tour Operator\" \/>\n<meta property=\"article:publisher\" content=\"https:\/\/www.facebook.com\/GateOfNations\/\" \/>\n<meta property=\"article:modified_time\" content=\"2024-11-12T12:36:10+00:00\" \/>\n<meta property=\"og:image\" content=\"https:\/\/gate-of-nations.org\/wp-content\/uploads\/2024\/07\/Logo-seo.png\" \/>\n\t<meta property=\"og:image:width\" content=\"1000\" \/>\n\t<meta property=\"og:image:height\" content=\"1000\" \/>\n\t<meta property=\"og:image:type\" content=\"image\/png\" \/>\n<meta name=\"twitter:card\" content=\"summary_large_image\" \/>\n<meta name=\"twitter:site\" content=\"@Gate_Of_Nations\" \/>\n<meta name=\"twitter:label1\" content=\"Gesch\u00e4tzte Lesezeit\" \/>\n\t<meta name=\"twitter:data1\" content=\"1\u00a0Minute\" \/>\n<script type=\"application\/ld+json\" class=\"yoast-schema-graph\">{\"@context\":\"https:\\\/\\\/schema.org\",\"@graph\":[{\"@type\":\"WebPage\",\"@id\":\"https:\\\/\\\/gate-of-nations.org\\\/de\\\/impressum\\\/\",\"url\":\"https:\\\/\\\/gate-of-nations.org\\\/de\\\/impressum\\\/\",\"name\":\"Impressum - German Tour Operator\",\"isPartOf\":{\"@id\":\"https:\\\/\\\/gate-of-nations.org\\\/#website\"},\"primaryImageOfPage\":{\"@id\":\"https:\\\/\\\/gate-of-nations.org\\\/de\\\/impressum\\\/#primaryimage\"},\"image\":{\"@id\":\"https:\\\/\\\/gate-of-nations.org\\\/de\\\/impressum\\\/#primaryimage\"},\"thumbnailUrl\":\"https:\\\/\\\/gate-of-nations.org\\\/wp-content\\\/uploads\\\/2024\\\/07\\\/Logo-seo.png\",\"datePublished\":\"2024-07-06T15:11:09+00:00\",\"dateModified\":\"2024-11-12T12:36:10+00:00\",\"description\":\"Gate of Nations GmbH ist ein deutscher Reiseveranstalter, der begleitete und selbstgef\u00fchrte Touren durch Europa, den Nahen Osten, Persien und noch mehr anbietet.\",\"breadcrumb\":{\"@id\":\"https:\\\/\\\/gate-of-nations.org\\\/de\\\/impressum\\\/#breadcrumb\"},\"inLanguage\":\"de\",\"potentialAction\":[{\"@type\":\"ReadAction\",\"target\":[\"https:\\\/\\\/gate-of-nations.org\\\/de\\\/impressum\\\/\"]}]},{\"@type\":\"ImageObject\",\"inLanguage\":\"de\",\"@id\":\"https:\\\/\\\/gate-of-nations.org\\\/de\\\/impressum\\\/#primaryimage\",\"url\":\"https:\\\/\\\/gate-of-nations.org\\\/wp-content\\\/uploads\\\/2024\\\/07\\\/Logo-seo.png\",\"contentUrl\":\"https:\\\/\\\/gate-of-nations.org\\\/wp-content\\\/uploads\\\/2024\\\/07\\\/Logo-seo.png\",\"width\":1000,\"height\":1000,\"caption\":\"germany tour operator\"},{\"@type\":\"BreadcrumbList\",\"@id\":\"https:\\\/\\\/gate-of-nations.org\\\/de\\\/impressum\\\/#breadcrumb\",\"itemListElement\":[{\"@type\":\"ListItem\",\"position\":1,\"name\":\"Home\",\"item\":\"https:\\\/\\\/gate-of-nations.org\\\/de\\\/heim\\\/\"},{\"@type\":\"ListItem\",\"position\":2,\"name\":\"Impressum\"}]},{\"@type\":\"WebSite\",\"@id\":\"https:\\\/\\\/gate-of-nations.org\\\/#website\",\"url\":\"https:\\\/\\\/gate-of-nations.org\\\/\",\"name\":\"German Tour Operator\",\"description\":\"German Tour Operator\",\"publisher\":{\"@id\":\"https:\\\/\\\/gate-of-nations.org\\\/#organization\"},\"alternateName\":\"Gate Of Nations\",\"potentialAction\":[{\"@type\":\"SearchAction\",\"target\":{\"@type\":\"EntryPoint\",\"urlTemplate\":\"https:\\\/\\\/gate-of-nations.org\\\/?s={search_term_string}\"},\"query-input\":{\"@type\":\"PropertyValueSpecification\",\"valueRequired\":true,\"valueName\":\"search_term_string\"}}],\"inLanguage\":\"de\"},{\"@type\":\"Organization\",\"@id\":\"https:\\\/\\\/gate-of-nations.org\\\/#organization\",\"name\":\"Gate Of Nations GmbH\",\"alternateName\":\"Gate Of Nations\",\"url\":\"https:\\\/\\\/gate-of-nations.org\\\/\",\"logo\":{\"@type\":\"ImageObject\",\"inLanguage\":\"de\",\"@id\":\"https:\\\/\\\/gate-of-nations.org\\\/#\\\/schema\\\/logo\\\/image\\\/\",\"url\":\"https:\\\/\\\/gate-of-nations.org\\\/wp-content\\\/uploads\\\/2024\\\/06\\\/Untitled-1.png\",\"contentUrl\":\"https:\\\/\\\/gate-of-nations.org\\\/wp-content\\\/uploads\\\/2024\\\/06\\\/Untitled-1.png\",\"width\":1920,\"height\":1080,\"caption\":\"Gate Of Nations GmbH\"},\"image\":{\"@id\":\"https:\\\/\\\/gate-of-nations.org\\\/#\\\/schema\\\/logo\\\/image\\\/\"},\"sameAs\":[\"https:\\\/\\\/www.facebook.com\\\/GateOfNations\\\/\",\"https:\\\/\\\/x.com\\\/Gate_Of_Nations\",\"https:\\\/\\\/www.youtube.com\\\/channel\\\/UC3e4sfL8N3NTUz2gAU_o3ww\",\"https:\\\/\\\/www.linkedin.com\\\/company\\\/18805700\\\/admin\\\/dashboard\\\/\",\"https:\\\/\\\/www.pinterest.de\\\/GateOfNations\\\/\",\"https:\\\/\\\/www.instagram.com\\\/gate_of_nations?igsh=MXQ0d2YwejZ5aWFjYg&utm_source=qr\"],\"description\":\"Gate of Nations is a German tour operator that providing escorted and self-guided tours of Europe, the Middle East, Persian and even more. Although our main focus is to connect different cultures and nationalities in the form of travel and introduce global values to visited and discovered, The introduction is not limited to tours and travel, but to arts and culture: we also support music concerts and workshops and other artistic and cultural events\u2026\",\"email\":\"info@gate-of-nations.org\",\"telephone\":\"(+49) 43122122198\",\"legalName\":\"Gate of Nations\",\"numberOfEmployees\":{\"@type\":\"QuantitativeValue\",\"minValue\":\"1\",\"maxValue\":\"10\"}}]}<\/script>\n<!-- \/ Yoast SEO Premium plugin. -->","yoast_head_json":{"title":"Impressum - German Tour Operator","description":"Gate of Nations GmbH ist ein deutscher Reiseveranstalter, der begleitete und selbstgef\u00fchrte Touren durch Europa, den Nahen Osten, Persien und noch mehr anbietet.","robots":{"index":"index","follow":"follow","max-snippet":"max-snippet:-1","max-image-preview":"max-image-preview:large","max-video-preview":"max-video-preview:-1"},"canonical":"https:\/\/gate-of-nations.org\/de\/impressum\/","og_locale":"de_DE","og_type":"article","og_title":"German Tour Operator","og_description":"Gate of Nations GmbH ist ein deutscher Reiseveranstalter, der begleitete und selbstgef\u00fchrte Touren durch Europa, den Nahen Osten, Persien und noch mehr anbietet.","og_url":"https:\/\/gate-of-nations.org\/de\/impressum\/","og_site_name":"German Tour Operator","article_publisher":"https:\/\/www.facebook.com\/GateOfNations\/","article_modified_time":"2024-11-12T12:36:10+00:00","og_image":[{"width":1000,"height":1000,"url":"https:\/\/gate-of-nations.org\/wp-content\/uploads\/2024\/07\/Logo-seo.png","type":"image\/png"}],"twitter_card":"summary_large_image","twitter_site":"@Gate_Of_Nations","twitter_misc":{"Gesch\u00e4tzte Lesezeit":"1\u00a0Minute"},"schema":{"@context":"https:\/\/schema.org","@graph":[{"@type":"WebPage","@id":"https:\/\/gate-of-nations.org\/de\/impressum\/","url":"https:\/\/gate-of-nations.org\/de\/impressum\/","name":"Impressum - German Tour Operator","isPartOf":{"@id":"https:\/\/gate-of-nations.org\/#website"},"primaryImageOfPage":{"@id":"https:\/\/gate-of-nations.org\/de\/impressum\/#primaryimage"},"image":{"@id":"https:\/\/gate-of-nations.org\/de\/impressum\/#primaryimage"},"thumbnailUrl":"https:\/\/gate-of-nations.org\/wp-content\/uploads\/2024\/07\/Logo-seo.png","datePublished":"2024-07-06T15:11:09+00:00","dateModified":"2024-11-12T12:36:10+00:00","description":"Gate of Nations GmbH ist ein deutscher Reiseveranstalter, der begleitete und selbstgef\u00fchrte Touren durch Europa, den Nahen Osten, Persien und noch mehr anbietet.","breadcrumb":{"@id":"https:\/\/gate-of-nations.org\/de\/impressum\/#breadcrumb"},"inLanguage":"de","potentialAction":[{"@type":"ReadAction","target":["https:\/\/gate-of-nations.org\/de\/impressum\/"]}]},{"@type":"ImageObject","inLanguage":"de","@id":"https:\/\/gate-of-nations.org\/de\/impressum\/#primaryimage","url":"https:\/\/gate-of-nations.org\/wp-content\/uploads\/2024\/07\/Logo-seo.png","contentUrl":"https:\/\/gate-of-nations.org\/wp-content\/uploads\/2024\/07\/Logo-seo.png","width":1000,"height":1000,"caption":"germany tour operator"},{"@type":"BreadcrumbList","@id":"https:\/\/gate-of-nations.org\/de\/impressum\/#breadcrumb","itemListElement":[{"@type":"ListItem","position":1,"name":"Home","item":"https:\/\/gate-of-nations.org\/de\/heim\/"},{"@type":"ListItem","position":2,"name":"Impressum"}]},{"@type":"WebSite","@id":"https:\/\/gate-of-nations.org\/#website","url":"https:\/\/gate-of-nations.org\/","name":"German Tour Operator","description":"German Tour Operator","publisher":{"@id":"https:\/\/gate-of-nations.org\/#organization"},"alternateName":"Gate Of Nations","potentialAction":[{"@type":"SearchAction","target":{"@type":"EntryPoint","urlTemplate":"https:\/\/gate-of-nations.org\/?s={search_term_string}"},"query-input":{"@type":"PropertyValueSpecification","valueRequired":true,"valueName":"search_term_string"}}],"inLanguage":"de"},{"@type":"Organization","@id":"https:\/\/gate-of-nations.org\/#organization","name":"Gate Of Nations GmbH","alternateName":"Gate Of Nations","url":"https:\/\/gate-of-nations.org\/","logo":{"@type":"ImageObject","inLanguage":"de","@id":"https:\/\/gate-of-nations.org\/#\/schema\/logo\/image\/","url":"https:\/\/gate-of-nations.org\/wp-content\/uploads\/2024\/06\/Untitled-1.png","contentUrl":"https:\/\/gate-of-nations.org\/wp-content\/uploads\/2024\/06\/Untitled-1.png","width":1920,"height":1080,"caption":"Gate Of Nations GmbH"},"image":{"@id":"https:\/\/gate-of-nations.org\/#\/schema\/logo\/image\/"},"sameAs":["https:\/\/www.facebook.com\/GateOfNations\/","https:\/\/x.com\/Gate_Of_Nations","https:\/\/www.youtube.com\/channel\/UC3e4sfL8N3NTUz2gAU_o3ww","https:\/\/www.linkedin.com\/company\/18805700\/admin\/dashboard\/","https:\/\/www.pinterest.de\/GateOfNations\/","https:\/\/www.instagram.com\/gate_of_nations?igsh=MXQ0d2YwejZ5aWFjYg&utm_source=qr"],"description":"Gate of Nations is a German tour operator that providing escorted and self-guided tours of Europe, the Middle East, Persian and even more. Although our main focus is to connect different cultures and nationalities in the form of travel and introduce global values to visited and discovered, The introduction is not limited to tours and travel, but to arts and culture: we also support music concerts and workshops and other artistic and cultural events\u2026","email":"info@gate-of-nations.org","telephone":"(+49) 43122122198","legalName":"Gate of Nations","numberOfEmployees":{"@type":"QuantitativeValue","minValue":"1","maxValue":"10"}}]}},"_links":{"self":[{"href":"https:\/\/gate-of-nations.org\/de\/wp-json\/wp\/v2\/pages\/30274","targetHints":{"allow":["GET"]}}],"collection":[{"href":"https:\/\/gate-of-nations.org\/de\/wp-json\/wp\/v2\/pages"}],"about":[{"href":"https:\/\/gate-of-nations.org\/de\/wp-json\/wp\/v2\/types\/page"}],"author":[{"embeddable":true,"href":"https:\/\/gate-of-nations.org\/de\/wp-json\/wp\/v2\/users\/2"}],"replies":[{"embeddable":true,"href":"https:\/\/gate-of-nations.org\/de\/wp-json\/wp\/v2\/comments?post=30274"}],"version-history":[{"count":0,"href":"https:\/\/gate-of-nations.org\/de\/wp-json\/wp\/v2\/pages\/30274\/revisions"}],"wp:featuredmedia":[{"embeddable":true,"href":"https:\/\/gate-of-nations.org\/de\/wp-json\/wp\/v2\/media\/30050"}],"wp:attachment":[{"href":"https:\/\/gate-of-nations.org\/de\/wp-json\/wp\/v2\/media?parent=30274"}],"curies":[{"name":"wp","href":"https:\/\/api.w.org\/{rel}","templated":true}]}}