{"id":30631,"date":"2024-05-06T23:29:47","date_gmt":"2024-05-06T21:29:47","guid":{"rendered":"https:\/\/gate-of-nations.org\/hotels\/"},"modified":"2025-07-26T13:32:05","modified_gmt":"2025-07-26T11:32:05","slug":"hotels","status":"publish","type":"page","link":"https:\/\/gate-of-nations.org\/de\/hotels\/","title":{"rendered":"Hotel"},"content":{"rendered":"\t\t<div data-elementor-type=\"wp-page\" data-elementor-id=\"30631\" class=\"elementor elementor-30631 elementor-26958\" data-elementor-settings=\"{&quot;element_pack_global_tooltip_width&quot;:{&quot;unit&quot;:&quot;px&quot;,&quot;size&quot;:&quot;&quot;,&quot;sizes&quot;:[]},&quot;element_pack_global_tooltip_width_tablet&quot;:{&quot;unit&quot;:&quot;px&quot;,&quot;size&quot;:&quot;&quot;,&quot;sizes&quot;:[]},&quot;element_pack_global_tooltip_width_mobile&quot;:{&quot;unit&quot;:&quot;px&quot;,&quot;size&quot;:&quot;&quot;,&quot;sizes&quot;:[]},&quot;element_pack_global_tooltip_padding&quot;:{&quot;unit&quot;:&quot;px&quot;,&quot;top&quot;:&quot;&quot;,&quot;right&quot;:&quot;&quot;,&quot;bottom&quot;:&quot;&quot;,&quot;left&quot;:&quot;&quot;,&quot;isLinked&quot;:true},&quot;element_pack_global_tooltip_padding_tablet&quot;:{&quot;unit&quot;:&quot;px&quot;,&quot;top&quot;:&quot;&quot;,&quot;right&quot;:&quot;&quot;,&quot;bottom&quot;:&quot;&quot;,&quot;left&quot;:&quot;&quot;,&quot;isLinked&quot;:true},&quot;element_pack_global_tooltip_padding_mobile&quot;:{&quot;unit&quot;:&quot;px&quot;,&quot;top&quot;:&quot;&quot;,&quot;right&quot;:&quot;&quot;,&quot;bottom&quot;:&quot;&quot;,&quot;left&quot;:&quot;&quot;,&quot;isLinked&quot;:true},&quot;element_pack_global_tooltip_border_radius&quot;:{&quot;unit&quot;:&quot;px&quot;,&quot;top&quot;:&quot;&quot;,&quot;right&quot;:&quot;&quot;,&quot;bottom&quot;:&quot;&quot;,&quot;left&quot;:&quot;&quot;,&quot;isLinked&quot;:true},&quot;element_pack_global_tooltip_border_radius_tablet&quot;:{&quot;unit&quot;:&quot;px&quot;,&quot;top&quot;:&quot;&quot;,&quot;right&quot;:&quot;&quot;,&quot;bottom&quot;:&quot;&quot;,&quot;left&quot;:&quot;&quot;,&quot;isLinked&quot;:true},&quot;element_pack_global_tooltip_border_radius_mobile&quot;:{&quot;unit&quot;:&quot;px&quot;,&quot;top&quot;:&quot;&quot;,&quot;right&quot;:&quot;&quot;,&quot;bottom&quot;:&quot;&quot;,&quot;left&quot;:&quot;&quot;,&quot;isLinked&quot;:true}}\" data-elementor-post-type=\"page\">\n\t\t\t\t<div data-dce-background-image-url=\"https:\/\/gate-of-nations.org\/wp-content\/uploads\/2024\/05\/ToscaGreen-bg.webp\" class=\"elementor-element elementor-element-77cb94b e-flex e-con-boxed e-con e-parent\" data-id=\"77cb94b\" data-element_type=\"container\" data-e-type=\"container\" data-settings=\"{&quot;background_background&quot;:&quot;classic&quot;}\">\n\t\t\t\t\t<div class=\"e-con-inner\">\n\t\t\t\t<div class=\"elementor-element elementor-element-43f986f elementor-widget elementor-widget-heading\" data-id=\"43f986f\" data-element_type=\"widget\" data-e-type=\"widget\" data-widget_type=\"heading.default\">\n\t\t\t\t<div class=\"elementor-widget-container\">\n\t\t\t\t\t<h6 class=\"elementor-heading-title elementor-size-default\">Denken Sie unbegrenzt<\/h6>\t\t\t\t<\/div>\n\t\t\t\t<\/div>\n\t\t\t\t<div class=\"elementor-element elementor-element-13d7020 elementor-widget elementor-widget-heading\" data-id=\"13d7020\" data-element_type=\"widget\" data-e-type=\"widget\" data-widget_type=\"heading.default\">\n\t\t\t\t<div class=\"elementor-widget-container\">\n\t\t\t\t\t<h2 class=\"elementor-heading-title elementor-size-default\">Buchen Sie Hotels online mit Gate of Nations<\/h2>\t\t\t\t<\/div>\n\t\t\t\t<\/div>\n\t\t\t\t\t<\/div>\n\t\t\t\t<\/div>\n\t\t<div data-dce-background-image-url=\"https:\/\/gate-of-nations.org\/wp-content\/uploads\/2024\/02\/gate-of-nation-hotel.jpg\" class=\"elementor-element elementor-element-95ce5f7 e-flex e-con-boxed e-con e-parent\" data-id=\"95ce5f7\" data-element_type=\"container\" data-e-type=\"container\" data-settings=\"{&quot;background_background&quot;:&quot;classic&quot;}\">\n\t\t\t\t\t<div class=\"e-con-inner\">\n\t\t\t\t\t<\/div>\n\t\t\t\t<\/div>\n\t\t<div class=\"elementor-element elementor-element-ee153de e-flex e-con-boxed e-con e-parent\" data-id=\"ee153de\" data-element_type=\"container\" data-e-type=\"container\">\n\t\t\t\t\t<div class=\"e-con-inner\">\n\t\t\t\t<div class=\"elementor-element elementor-element-b980911 elementor-widget elementor-widget-text-editor\" data-id=\"b980911\" data-element_type=\"widget\" data-e-type=\"widget\" data-widget_type=\"text-editor.default\">\n\t\t\t\t<div class=\"elementor-widget-container\">\n\t\t\t\t\t\t\t\t\t<h3>Finden Sie das perfekte Hotel f\u00fcr Ihr n\u00e4chstes Abenteuer<\/h3>\n<p>Die perfekte Unterkunft f\u00fcr Ihre n\u00e4chste Reise zu finden, war noch nie so einfach. Mit der M\u00f6glichkeit, Hotels online zu buchen, k\u00f6nnen Sie eine nahtlose und stressfreie Erfahrung vom ersten Moment an genie\u00dfen. Egal, ob Sie ein luxuri\u00f6ses F\u00fcnf-Sterne-Resort, ein charmantes Boutique-Hotel oder eine komfortable, preisg\u00fcnstige Option suchen, unsere Plattform bietet eine gro\u00dfe Auswahl an Unterk\u00fcnften, die allen Vorlieben und Budgets gerecht wird. Jede Unterkunft wird sorgf\u00e4ltig ausgew\u00e4hlt, um Qualit\u00e4t und Komfort zu gew\u00e4hrleisten, sodass es einfach ist, ein Hotel zu finden, das Ihren Bed\u00fcrfnissen entspricht.<\/p>\n<p>Unsere benutzerfreundliche Oberfl\u00e4che erm\u00f6glicht es Ihnen, Hotels zu durchsuchen und zu vergleichen, detaillierte Beschreibungen, Fotos und Kundenbewertungen einzusehen, um eine informierte Entscheidung zu treffen. Sie k\u00f6nnen auch die Verf\u00fcgbarkeit \u00fcberpr\u00fcfen, das ideale Zimmer ausw\u00e4hlen und Ihre Reservierung mit nur wenigen Klicks best\u00e4tigen. Ob Sie f\u00fcr gesch\u00e4ftliche, private oder Familienreisen buchen, Sie k\u00f6nnen darauf vertrauen, dass unsere Website Ihnen alle notwendigen Informationen bietet, um die Entscheidung zu erleichtern und zuverl\u00e4ssiger zu machen.<\/p>\n<p>Wenn Sie sich entscheiden, Hotels online zu buchen, buchen Sie nicht nur eine Unterkunft, sondern erhalten auch Zugang zu exklusiven Angeboten, sofortigen Buchungsbest\u00e4tigungen und der Flexibilit\u00e4t, Ihre Reservierung bei Bedarf zu \u00e4ndern. Mit Echtzeit-Updates k\u00f6nnen Sie sicher sein, Ihr ideales Hotel zu sichern, ohne sich Sorgen \u00fcber \u00dcberbuchungen oder verpasste Angebote machen zu m\u00fcssen. Unsere Plattform sorgt daf\u00fcr, dass Sie immer eine reibungslose Buchungserfahrung haben.<\/p>\n<p>Beginnen Sie noch heute, Ihre n\u00e4chste Reise zu planen, und machen Sie den ersten Schritt, um das perfekte Hotel f\u00fcr Ihr Abenteuer zu sichern. Egal, ob Sie in eine pulsierende Stadt oder ein ruhiges R\u00fcckzugsziel reisen, wir haben f\u00fcr Sie die passende Unterkunft. Um noch mehr Optionen f\u00fcr Ihre Reiseerfahrung zu entdecken, einschlie\u00dflich spannender Tour-Pakete, die auf Ihre Interessen zugeschnitten sind, klicken Sie <a href=\"https:\/\/gate-of-nations.org\/de\/europa-touren\/\">hier<\/a>. Lassen Sie uns Ihnen helfen, Ihre Reise unvergesslich zu machen.<\/p>\n\t\t\t\t\t\t\t\t<\/div>\n\t\t\t\t<\/div>\n\t\t\t\t\t<\/div>\n\t\t\t\t<\/div>\n\t\t<div class=\"elementor-element elementor-element-1742a9b e-con-full e-flex e-con e-parent\" data-id=\"1742a9b\" data-element_type=\"container\" data-e-type=\"container\">\n\t\t\t\t<div class=\"elementor-element elementor-element-fe8d72d elementor-widget elementor-widget-text-editor\" data-id=\"fe8d72d\" data-element_type=\"widget\" data-e-type=\"widget\" data-widget_type=\"text-editor.default\">\n\t\t\t\t<div class=\"elementor-widget-container\">\n\t\t\t\t\t\t\t\t\t<div style=\"text-align: center; margin: 30px auto;\"><a style=\"display: inline-block; background-color: #ff690f; color: #fff; padding: 12px 24px; border-radius: 4px; font-size: 16px; font-weight: 500; text-decoration: none;\" href=\"https:\/\/www.kayak.de\/Kiel.21692.guide#navbar-item-where-to-stay\" target=\"_blank\" rel=\"noopener\">Buchen Sie Hotels \u00fcber KAYAK<br \/>\n<\/a><\/div>\n\t\t\t\t\t\t\t\t<\/div>\n\t\t\t\t<\/div>\n\t\t\t\t<\/div>\n\t\t<div class=\"elementor-element elementor-element-5c1a8cd3 e-con-full e-flex e-con e-parent\" data-id=\"5c1a8cd3\" data-element_type=\"container\" data-e-type=\"container\">\n\t\t\t\t<div class=\"elementor-element elementor-element-69e7d99e elementor-widget elementor-widget-shortcode\" data-id=\"69e7d99e\" data-element_type=\"widget\" data-e-type=\"widget\" data-widget_type=\"shortcode.default\">\n\t\t\t\t<div class=\"elementor-widget-container\">\n\t\t\t\t\t\t\t<div class=\"elementor-shortcode\"><style>\n       .errordiv { padding:10px; margin:10px; border: 1px solid #555555;color: #000000;background-color: #f8f8f8; width:500px; }#not_set {visibility:visible;opacity:1;vertical-align:top;}.ai-info-bottom-iframe { position: fixed; z-index: 10000; bottom:0; left: 0; margin: 0px; text-align: center; width: 100%; background-color: #ff9999; padding-left: 5px;padding-bottom: 5px; border-top: 1px solid #aaa } a.ai-bold {font-weight: bold;}#ai-layer-div-not_set p {height:100%;margin:0;padding:0}<\/style><script type=\"text\/javascript\">var ai_iframe_width_not_set = 0;var ai_iframe_height_not_set = 0;function aiReceiveMessagenot_set(event) {  aiProcessMessage(event,\"not_set\", \"true\",\"\",\"false\",\"false\");}if (window.addEventListener) {  window.addEventListener(\"message\", aiReceiveMessagenot_set);} else if (el.attachEvent)  {  el.attachEvent(\"message\", aiReceiveMessagenot_set);}var aiOnloadScrollTop=\"true\";var aiShowDebug=false;\n\t\tif (typeof aiReadyCallbacks === 'undefined') {\n\t\t\tvar aiReadyCallbacks = [];\n\t\t} else if (!(aiReadyCallbacks instanceof Array)) {\n\t\t\tvar aiReadyCallbacks = [];\n\t\t}    function aiShowIframeId(id_iframe) { jQuery(\"#\"+id_iframe).css(\"visibility\", \"visible\");    }    function aiResizeIframeHeight(height) { aiResizeIframeHeight(height,not_set); }    function aiResizeIframeHeightId(height,width,id) {aiResizeIframeHeightById(id,height);}<\/script><iframe id=\"not_set\"  name=\"not_set\"  src=\"https:\/\/143384.sr-linkagent.de\/hotels-buchen\"  width=\"100%\"  height=\"1000\"  frameborder=\"0\"  border=\"0\"  allowtransparency=\"true\"  loading=\"lazy\"  style=\";border-width: 0px;;border: none;;width:100%;;height:1000px;\" ><\/iframe><script type=\"text\/javascript\">var ifrm_not_set = document.getElementById(\"not_set\");var hiddenTabsDonenot_set = false;\nfunction resizeCallbacknot_set() {}<\/script><script type=\"text\/javascript\"><\/script><p style=\"display:block !important; visibility:visible !important;margin: -18px 14px 0 0;padding-left: 3px;padding-top:3px;background: white; overflow: hidden; position: relative; line-height:15px;width: fit-content;\"><small style=\"display:block !important;visibility:visible !important\">powered by Advanced iFrame<\/small><\/p><\/div>\n\t\t\t\t\t\t<\/div>\n\t\t\t\t<\/div>\n\t\t\t\t<\/div>\n\t\t\t\t<\/div>\n\t\t","protected":false},"excerpt":{"rendered":"<p>Denken Sie unbegrenzt Buchen Sie Hotels online mit Gate of Nations Finden Sie das perfekte Hotel f\u00fcr Ihr n\u00e4chstes Abenteuer Die perfekte Unterkunft f\u00fcr Ihre n\u00e4chste Reise zu finden, war noch nie so einfach. Mit der M\u00f6glichkeit, Hotels online zu buchen, k\u00f6nnen Sie eine nahtlose und stressfreie Erfahrung vom ersten Moment an genie\u00dfen. Egal, ob [&hellip;]<\/p>\n","protected":false},"author":1,"featured_media":27895,"parent":0,"menu_order":0,"comment_status":"closed","ping_status":"closed","template":"template-blank.php","meta":{"_acf_changed":false,"footnotes":""},"class_list":["post-30631","page","type-page","status-publish","has-post-thumbnail","hentry"],"acf":[],"yoast_head":"<!-- This site is optimized with the Yoast SEO Premium plugin v27.0 (Yoast SEO v27.3) - https:\/\/yoast.com\/product\/yoast-seo-premium-wordpress\/ -->\n<title>Buchen Sie Hotels online: Beste Preise f\u00fcr Ihren Aufenthalt<\/title>\n<meta name=\"description\" content=\"Buchen Sie Hotels online mit uns Entdecken Sie die perfekte Unterkunft \u2013 von luxuri\u00f6s bis preiswert. Schnelle und einfache Buchung!\" \/>\n<meta name=\"robots\" content=\"index, follow, max-snippet:-1, max-image-preview:large, max-video-preview:-1\" \/>\n<link rel=\"canonical\" href=\"https:\/\/gate-of-nations.org\/de\/hotels\/\" \/>\n<meta property=\"og:locale\" content=\"de_DE\" \/>\n<meta property=\"og:type\" content=\"article\" \/>\n<meta property=\"og:title\" content=\"German Tour Operator\" \/>\n<meta property=\"og:description\" content=\"Buchen Sie Hotels online mit uns Entdecken Sie die perfekte Unterkunft \u2013 von luxuri\u00f6s bis preiswert. Schnelle und einfache Buchung!\" \/>\n<meta property=\"og:url\" content=\"https:\/\/gate-of-nations.org\/de\/hotels\/\" \/>\n<meta property=\"og:site_name\" content=\"German Tour Operator\" \/>\n<meta property=\"article:publisher\" content=\"https:\/\/www.facebook.com\/GateOfNations\/\" \/>\n<meta property=\"article:modified_time\" content=\"2025-07-26T11:32:05+00:00\" \/>\n<meta property=\"og:image\" content=\"https:\/\/gate-of-nations.org\/wp-content\/uploads\/2024\/02\/gate-of-nation-hotel.jpg\" \/>\n\t<meta property=\"og:image:width\" content=\"1444\" \/>\n\t<meta property=\"og:image:height\" content=\"602\" \/>\n\t<meta property=\"og:image:type\" content=\"image\/jpeg\" \/>\n<meta name=\"twitter:card\" content=\"summary_large_image\" \/>\n<meta name=\"twitter:site\" content=\"@Gate_Of_Nations\" \/>\n<meta name=\"twitter:label1\" content=\"Gesch\u00e4tzte Lesezeit\" \/>\n\t<meta name=\"twitter:data1\" content=\"2\u00a0Minuten\" \/>\n<script type=\"application\/ld+json\" class=\"yoast-schema-graph\">{\"@context\":\"https:\\\/\\\/schema.org\",\"@graph\":[{\"@type\":\"WebPage\",\"@id\":\"https:\\\/\\\/gate-of-nations.org\\\/de\\\/hotels\\\/\",\"url\":\"https:\\\/\\\/gate-of-nations.org\\\/de\\\/hotels\\\/\",\"name\":\"Buchen Sie Hotels online: Beste Preise f\u00fcr Ihren Aufenthalt\",\"isPartOf\":{\"@id\":\"https:\\\/\\\/gate-of-nations.org\\\/#website\"},\"primaryImageOfPage\":{\"@id\":\"https:\\\/\\\/gate-of-nations.org\\\/de\\\/hotels\\\/#primaryimage\"},\"image\":{\"@id\":\"https:\\\/\\\/gate-of-nations.org\\\/de\\\/hotels\\\/#primaryimage\"},\"thumbnailUrl\":\"https:\\\/\\\/gate-of-nations.org\\\/wp-content\\\/uploads\\\/2024\\\/02\\\/gate-of-nation-hotel.jpg\",\"datePublished\":\"2024-05-06T21:29:47+00:00\",\"dateModified\":\"2025-07-26T11:32:05+00:00\",\"description\":\"Buchen Sie Hotels online mit uns Entdecken Sie die perfekte Unterkunft \u2013 von luxuri\u00f6s bis preiswert. Schnelle und einfache Buchung!\",\"breadcrumb\":{\"@id\":\"https:\\\/\\\/gate-of-nations.org\\\/de\\\/hotels\\\/#breadcrumb\"},\"inLanguage\":\"de\",\"potentialAction\":[{\"@type\":\"ReadAction\",\"target\":[\"https:\\\/\\\/gate-of-nations.org\\\/de\\\/hotels\\\/\"]}]},{\"@type\":\"ImageObject\",\"inLanguage\":\"de\",\"@id\":\"https:\\\/\\\/gate-of-nations.org\\\/de\\\/hotels\\\/#primaryimage\",\"url\":\"https:\\\/\\\/gate-of-nations.org\\\/wp-content\\\/uploads\\\/2024\\\/02\\\/gate-of-nation-hotel.jpg\",\"contentUrl\":\"https:\\\/\\\/gate-of-nations.org\\\/wp-content\\\/uploads\\\/2024\\\/02\\\/gate-of-nation-hotel.jpg\",\"width\":1444,\"height\":602,\"caption\":\"book hotel online\"},{\"@type\":\"BreadcrumbList\",\"@id\":\"https:\\\/\\\/gate-of-nations.org\\\/de\\\/hotels\\\/#breadcrumb\",\"itemListElement\":[{\"@type\":\"ListItem\",\"position\":1,\"name\":\"Home\",\"item\":\"https:\\\/\\\/gate-of-nations.org\\\/de\\\/heim\\\/\"},{\"@type\":\"ListItem\",\"position\":2,\"name\":\"Hotel\"}]},{\"@type\":\"WebSite\",\"@id\":\"https:\\\/\\\/gate-of-nations.org\\\/#website\",\"url\":\"https:\\\/\\\/gate-of-nations.org\\\/\",\"name\":\"German Tour Operator\",\"description\":\"German Tour Operator\",\"publisher\":{\"@id\":\"https:\\\/\\\/gate-of-nations.org\\\/#organization\"},\"alternateName\":\"Gate Of Nations\",\"potentialAction\":[{\"@type\":\"SearchAction\",\"target\":{\"@type\":\"EntryPoint\",\"urlTemplate\":\"https:\\\/\\\/gate-of-nations.org\\\/?s={search_term_string}\"},\"query-input\":{\"@type\":\"PropertyValueSpecification\",\"valueRequired\":true,\"valueName\":\"search_term_string\"}}],\"inLanguage\":\"de\"},{\"@type\":\"Organization\",\"@id\":\"https:\\\/\\\/gate-of-nations.org\\\/#organization\",\"name\":\"Gate Of Nations GmbH\",\"alternateName\":\"Gate Of Nations\",\"url\":\"https:\\\/\\\/gate-of-nations.org\\\/\",\"logo\":{\"@type\":\"ImageObject\",\"inLanguage\":\"de\",\"@id\":\"https:\\\/\\\/gate-of-nations.org\\\/#\\\/schema\\\/logo\\\/image\\\/\",\"url\":\"https:\\\/\\\/gate-of-nations.org\\\/wp-content\\\/uploads\\\/2024\\\/06\\\/Untitled-1.png\",\"contentUrl\":\"https:\\\/\\\/gate-of-nations.org\\\/wp-content\\\/uploads\\\/2024\\\/06\\\/Untitled-1.png\",\"width\":1920,\"height\":1080,\"caption\":\"Gate Of Nations GmbH\"},\"image\":{\"@id\":\"https:\\\/\\\/gate-of-nations.org\\\/#\\\/schema\\\/logo\\\/image\\\/\"},\"sameAs\":[\"https:\\\/\\\/www.facebook.com\\\/GateOfNations\\\/\",\"https:\\\/\\\/x.com\\\/Gate_Of_Nations\",\"https:\\\/\\\/www.youtube.com\\\/channel\\\/UC3e4sfL8N3NTUz2gAU_o3ww\",\"https:\\\/\\\/www.linkedin.com\\\/company\\\/18805700\\\/admin\\\/dashboard\\\/\",\"https:\\\/\\\/www.pinterest.de\\\/GateOfNations\\\/\",\"https:\\\/\\\/www.instagram.com\\\/gate_of_nations?igsh=MXQ0d2YwejZ5aWFjYg&utm_source=qr\"],\"description\":\"Gate of Nations is a German tour operator that providing escorted and self-guided tours of Europe, the Middle East, Persian and even more. Although our main focus is to connect different cultures and nationalities in the form of travel and introduce global values to visited and discovered, The introduction is not limited to tours and travel, but to arts and culture: we also support music concerts and workshops and other artistic and cultural events\u2026\",\"email\":\"info@gate-of-nations.org\",\"telephone\":\"(+49) 43122122198\",\"legalName\":\"Gate of Nations\",\"numberOfEmployees\":{\"@type\":\"QuantitativeValue\",\"minValue\":\"1\",\"maxValue\":\"10\"}}]}<\/script>\n<!-- \/ Yoast SEO Premium plugin. -->","yoast_head_json":{"title":"Buchen Sie Hotels online: Beste Preise f\u00fcr Ihren Aufenthalt","description":"Buchen Sie Hotels online mit uns Entdecken Sie die perfekte Unterkunft \u2013 von luxuri\u00f6s bis preiswert. Schnelle und einfache Buchung!","robots":{"index":"index","follow":"follow","max-snippet":"max-snippet:-1","max-image-preview":"max-image-preview:large","max-video-preview":"max-video-preview:-1"},"canonical":"https:\/\/gate-of-nations.org\/de\/hotels\/","og_locale":"de_DE","og_type":"article","og_title":"German Tour Operator","og_description":"Buchen Sie Hotels online mit uns Entdecken Sie die perfekte Unterkunft \u2013 von luxuri\u00f6s bis preiswert. Schnelle und einfache Buchung!","og_url":"https:\/\/gate-of-nations.org\/de\/hotels\/","og_site_name":"German Tour Operator","article_publisher":"https:\/\/www.facebook.com\/GateOfNations\/","article_modified_time":"2025-07-26T11:32:05+00:00","og_image":[{"width":1444,"height":602,"url":"https:\/\/gate-of-nations.org\/wp-content\/uploads\/2024\/02\/gate-of-nation-hotel.jpg","type":"image\/jpeg"}],"twitter_card":"summary_large_image","twitter_site":"@Gate_Of_Nations","twitter_misc":{"Gesch\u00e4tzte Lesezeit":"2\u00a0Minuten"},"schema":{"@context":"https:\/\/schema.org","@graph":[{"@type":"WebPage","@id":"https:\/\/gate-of-nations.org\/de\/hotels\/","url":"https:\/\/gate-of-nations.org\/de\/hotels\/","name":"Buchen Sie Hotels online: Beste Preise f\u00fcr Ihren Aufenthalt","isPartOf":{"@id":"https:\/\/gate-of-nations.org\/#website"},"primaryImageOfPage":{"@id":"https:\/\/gate-of-nations.org\/de\/hotels\/#primaryimage"},"image":{"@id":"https:\/\/gate-of-nations.org\/de\/hotels\/#primaryimage"},"thumbnailUrl":"https:\/\/gate-of-nations.org\/wp-content\/uploads\/2024\/02\/gate-of-nation-hotel.jpg","datePublished":"2024-05-06T21:29:47+00:00","dateModified":"2025-07-26T11:32:05+00:00","description":"Buchen Sie Hotels online mit uns Entdecken Sie die perfekte Unterkunft \u2013 von luxuri\u00f6s bis preiswert. Schnelle und einfache Buchung!","breadcrumb":{"@id":"https:\/\/gate-of-nations.org\/de\/hotels\/#breadcrumb"},"inLanguage":"de","potentialAction":[{"@type":"ReadAction","target":["https:\/\/gate-of-nations.org\/de\/hotels\/"]}]},{"@type":"ImageObject","inLanguage":"de","@id":"https:\/\/gate-of-nations.org\/de\/hotels\/#primaryimage","url":"https:\/\/gate-of-nations.org\/wp-content\/uploads\/2024\/02\/gate-of-nation-hotel.jpg","contentUrl":"https:\/\/gate-of-nations.org\/wp-content\/uploads\/2024\/02\/gate-of-nation-hotel.jpg","width":1444,"height":602,"caption":"book hotel online"},{"@type":"BreadcrumbList","@id":"https:\/\/gate-of-nations.org\/de\/hotels\/#breadcrumb","itemListElement":[{"@type":"ListItem","position":1,"name":"Home","item":"https:\/\/gate-of-nations.org\/de\/heim\/"},{"@type":"ListItem","position":2,"name":"Hotel"}]},{"@type":"WebSite","@id":"https:\/\/gate-of-nations.org\/#website","url":"https:\/\/gate-of-nations.org\/","name":"German Tour Operator","description":"German Tour Operator","publisher":{"@id":"https:\/\/gate-of-nations.org\/#organization"},"alternateName":"Gate Of Nations","potentialAction":[{"@type":"SearchAction","target":{"@type":"EntryPoint","urlTemplate":"https:\/\/gate-of-nations.org\/?s={search_term_string}"},"query-input":{"@type":"PropertyValueSpecification","valueRequired":true,"valueName":"search_term_string"}}],"inLanguage":"de"},{"@type":"Organization","@id":"https:\/\/gate-of-nations.org\/#organization","name":"Gate Of Nations GmbH","alternateName":"Gate Of Nations","url":"https:\/\/gate-of-nations.org\/","logo":{"@type":"ImageObject","inLanguage":"de","@id":"https:\/\/gate-of-nations.org\/#\/schema\/logo\/image\/","url":"https:\/\/gate-of-nations.org\/wp-content\/uploads\/2024\/06\/Untitled-1.png","contentUrl":"https:\/\/gate-of-nations.org\/wp-content\/uploads\/2024\/06\/Untitled-1.png","width":1920,"height":1080,"caption":"Gate Of Nations GmbH"},"image":{"@id":"https:\/\/gate-of-nations.org\/#\/schema\/logo\/image\/"},"sameAs":["https:\/\/www.facebook.com\/GateOfNations\/","https:\/\/x.com\/Gate_Of_Nations","https:\/\/www.youtube.com\/channel\/UC3e4sfL8N3NTUz2gAU_o3ww","https:\/\/www.linkedin.com\/company\/18805700\/admin\/dashboard\/","https:\/\/www.pinterest.de\/GateOfNations\/","https:\/\/www.instagram.com\/gate_of_nations?igsh=MXQ0d2YwejZ5aWFjYg&utm_source=qr"],"description":"Gate of Nations is a German tour operator that providing escorted and self-guided tours of Europe, the Middle East, Persian and even more. Although our main focus is to connect different cultures and nationalities in the form of travel and introduce global values to visited and discovered, The introduction is not limited to tours and travel, but to arts and culture: we also support music concerts and workshops and other artistic and cultural events\u2026","email":"info@gate-of-nations.org","telephone":"(+49) 43122122198","legalName":"Gate of Nations","numberOfEmployees":{"@type":"QuantitativeValue","minValue":"1","maxValue":"10"}}]}},"_links":{"self":[{"href":"https:\/\/gate-of-nations.org\/de\/wp-json\/wp\/v2\/pages\/30631","targetHints":{"allow":["GET"]}}],"collection":[{"href":"https:\/\/gate-of-nations.org\/de\/wp-json\/wp\/v2\/pages"}],"about":[{"href":"https:\/\/gate-of-nations.org\/de\/wp-json\/wp\/v2\/types\/page"}],"author":[{"embeddable":true,"href":"https:\/\/gate-of-nations.org\/de\/wp-json\/wp\/v2\/users\/1"}],"replies":[{"embeddable":true,"href":"https:\/\/gate-of-nations.org\/de\/wp-json\/wp\/v2\/comments?post=30631"}],"version-history":[{"count":0,"href":"https:\/\/gate-of-nations.org\/de\/wp-json\/wp\/v2\/pages\/30631\/revisions"}],"wp:featuredmedia":[{"embeddable":true,"href":"https:\/\/gate-of-nations.org\/de\/wp-json\/wp\/v2\/media\/27895"}],"wp:attachment":[{"href":"https:\/\/gate-of-nations.org\/de\/wp-json\/wp\/v2\/media?parent=30631"}],"curies":[{"name":"wp","href":"https:\/\/api.w.org\/{rel}","templated":true}]}}