{"id":30675,"date":"2024-01-13T18:18:26","date_gmt":"2024-01-13T17:18:26","guid":{"rendered":"https:\/\/gate-of-nations.org\/mein-konto\/"},"modified":"2024-07-17T10:31:28","modified_gmt":"2024-07-17T08:31:28","slug":"mein-konto","status":"publish","type":"page","link":"https:\/\/gate-of-nations.org\/de\/mein-konto\/","title":{"rendered":"Mein Konto"},"content":{"rendered":"\t\t<div data-elementor-type=\"wp-page\" data-elementor-id=\"30675\" class=\"elementor elementor-30675 elementor-14\" data-elementor-settings=\"{&quot;element_pack_global_tooltip_width&quot;:{&quot;unit&quot;:&quot;px&quot;,&quot;size&quot;:&quot;&quot;,&quot;sizes&quot;:[]},&quot;element_pack_global_tooltip_width_tablet&quot;:{&quot;unit&quot;:&quot;px&quot;,&quot;size&quot;:&quot;&quot;,&quot;sizes&quot;:[]},&quot;element_pack_global_tooltip_width_mobile&quot;:{&quot;unit&quot;:&quot;px&quot;,&quot;size&quot;:&quot;&quot;,&quot;sizes&quot;:[]},&quot;element_pack_global_tooltip_padding&quot;:{&quot;unit&quot;:&quot;px&quot;,&quot;top&quot;:&quot;&quot;,&quot;right&quot;:&quot;&quot;,&quot;bottom&quot;:&quot;&quot;,&quot;left&quot;:&quot;&quot;,&quot;isLinked&quot;:true},&quot;element_pack_global_tooltip_padding_tablet&quot;:{&quot;unit&quot;:&quot;px&quot;,&quot;top&quot;:&quot;&quot;,&quot;right&quot;:&quot;&quot;,&quot;bottom&quot;:&quot;&quot;,&quot;left&quot;:&quot;&quot;,&quot;isLinked&quot;:true},&quot;element_pack_global_tooltip_padding_mobile&quot;:{&quot;unit&quot;:&quot;px&quot;,&quot;top&quot;:&quot;&quot;,&quot;right&quot;:&quot;&quot;,&quot;bottom&quot;:&quot;&quot;,&quot;left&quot;:&quot;&quot;,&quot;isLinked&quot;:true},&quot;element_pack_global_tooltip_border_radius&quot;:{&quot;unit&quot;:&quot;px&quot;,&quot;top&quot;:&quot;&quot;,&quot;right&quot;:&quot;&quot;,&quot;bottom&quot;:&quot;&quot;,&quot;left&quot;:&quot;&quot;,&quot;isLinked&quot;:true},&quot;element_pack_global_tooltip_border_radius_tablet&quot;:{&quot;unit&quot;:&quot;px&quot;,&quot;top&quot;:&quot;&quot;,&quot;right&quot;:&quot;&quot;,&quot;bottom&quot;:&quot;&quot;,&quot;left&quot;:&quot;&quot;,&quot;isLinked&quot;:true},&quot;element_pack_global_tooltip_border_radius_mobile&quot;:{&quot;unit&quot;:&quot;px&quot;,&quot;top&quot;:&quot;&quot;,&quot;right&quot;:&quot;&quot;,&quot;bottom&quot;:&quot;&quot;,&quot;left&quot;:&quot;&quot;,&quot;isLinked&quot;:true}}\" data-elementor-post-type=\"page\">\n\t\t\t\t<div class=\"elementor-element elementor-element-5dcbd0f8 elementor-hidden-desktop elementor-hidden-tablet elementor-hidden-mobile e-flex e-con-boxed e-con e-parent\" data-id=\"5dcbd0f8\" data-element_type=\"container\" data-e-type=\"container\">\n\t\t\t\t\t<div class=\"e-con-inner\">\n\t\t\t\t<div class=\"elementor-element elementor-element-24ba929d elementor-widget elementor-widget-text-editor\" data-id=\"24ba929d\" data-element_type=\"widget\" data-e-type=\"widget\" data-widget_type=\"text-editor.default\">\n\t\t\t\t<div class=\"elementor-widget-container\">\n\t\t\t\t\t\t\t\t\t<div class=\"woocommerce\">\n<div class=\"woocommerce-notices-wrapper\"><\/div>\n<h2>Anmelden<\/h2>\n<form class=\"woocommerce-form woocommerce-form-login login\" method=\"post\" novalidate>\n<p class=\"woocommerce-form-row woocommerce-form-row--wide form-row form-row-wide\">\n\t\t\t\t<label for=\"username\">Benutzername oder E-Mail-Adresse&nbsp;<span class=\"required\" aria-hidden=\"true\">*<\/span><span class=\"screen-reader-text\">Erforderlich<\/span><\/label><br \/>\n\t\t\t\t<input type=\"text\" class=\"woocommerce-Input woocommerce-Input--text input-text\" name=\"username\" id=\"username\" autocomplete=\"username\" value=\"\" required aria-required=\"true\" \/>\t\t\t<\/p>\n<p class=\"woocommerce-form-row woocommerce-form-row--wide form-row form-row-wide\">\n\t\t\t\t<label for=\"password\">Passwort&nbsp;<span class=\"required\" aria-hidden=\"true\">*<\/span><span class=\"screen-reader-text\">Erforderlich<\/span><\/label><br \/>\n\t\t\t\t<input class=\"woocommerce-Input woocommerce-Input--text input-text\" type=\"password\" name=\"password\" id=\"password\" autocomplete=\"current-password\" required aria-required=\"true\" \/>\n\t\t\t<\/p>\n<p class=\"form-row\">\n\t\t\t\t<label class=\"woocommerce-form__label woocommerce-form__label-for-checkbox woocommerce-form-login__rememberme\"><br \/>\n\t\t\t\t\t<input class=\"woocommerce-form__input woocommerce-form__input-checkbox\" name=\"rememberme\" type=\"checkbox\" id=\"rememberme\" value=\"forever\" \/> <span>Angemeldet bleiben<\/span><br \/>\n\t\t\t\t<\/label><br \/>\n\t\t\t\t<input type=\"hidden\" id=\"woocommerce-login-nonce\" name=\"woocommerce-login-nonce\" value=\"3b88db415e\" \/><input type=\"hidden\" name=\"_wp_http_referer\" value=\"\/de\/wp-json\/wp\/v2\/pages\/30675\" \/>\t\t\t\t<button type=\"submit\" class=\"woocommerce-button button woocommerce-form-login__submit\" name=\"login\" value=\"Anmelden\">Anmelden<\/button>\n\t\t\t<\/p>\n<p class=\"woocommerce-LostPassword lost_password\">\n\t\t\t\t<a href=\"https:\/\/gate-of-nations.org\/my-account\/lost-password\/\">Passwort vergessen?<\/a>\n\t\t\t<\/p>\n<\/p><\/form>\n<\/div>\n\t\t\t\t\t\t\t\t<\/div>\n\t\t\t\t<\/div>\n\t\t\t\t\t<\/div>\n\t\t\t\t<\/div>\n\t\t<div class=\"elementor-element elementor-element-0a70ad8 e-flex e-con-boxed e-con e-parent\" data-id=\"0a70ad8\" data-element_type=\"container\" data-e-type=\"container\">\n\t\t\t\t\t<div class=\"e-con-inner\">\n\t\t\t\t<div class=\"elementor-element elementor-element-3cc73b5 elementor-widget elementor-widget-eael-woo-account-dashboard\" data-id=\"3cc73b5\" data-element_type=\"widget\" data-e-type=\"widget\" data-settings=\"{&quot;eael_account_dashboard_table_header_column_alignment&quot;:&quot;left&quot;,&quot;eael_account_dashboard_table_body_column_alignment&quot;:&quot;left&quot;}\" data-widget_type=\"eael-woo-account-dashboard.default\">\n\t\t\t\t<div class=\"elementor-widget-container\">\n\t\t\t\t\t\n        <div class=\"eael-account-dashboard-wrap\">\n            <div class=\"eael-account-dashboard-wrapper preset-3\">\n    <div class=\"eael-account-dashboard-body\">\n        <div class=\"eael-account-dashboard-container\">\n            \t\t<div class=\"eael-account-dashboard-navbar eael-d-none\">\n\t\t\t\n<nav class=\"woocommerce-MyAccount-navigation\" aria-label=\"Kontoseiten\">\n\t<ul>\n\t\t\t\t\t<li class=\"woocommerce-MyAccount-navigation-link woocommerce-MyAccount-navigation-link--dashboard\">\n\t\t\t\t<a href=\"https:\/\/gate-of-nations.org\/my-account\/\" >\n\t\t\t\t\tDashboard\t\t\t\t<\/a>\n\t\t\t<\/li>\n\t\t\t\t\t<li class=\"woocommerce-MyAccount-navigation-link woocommerce-MyAccount-navigation-link--orders\">\n\t\t\t\t<a href=\"https:\/\/gate-of-nations.org\/my-account\/orders\/\" >\n\t\t\t\t\tOrders\t\t\t\t<\/a>\n\t\t\t<\/li>\n\t\t\t\t\t<li class=\"woocommerce-MyAccount-navigation-link woocommerce-MyAccount-navigation-link--edit-address\">\n\t\t\t\t<a href=\"https:\/\/gate-of-nations.org\/my-account\/edit-address\/\" >\n\t\t\t\t\tAddresses\t\t\t\t<\/a>\n\t\t\t<\/li>\n\t\t\t\t\t<li class=\"woocommerce-MyAccount-navigation-link woocommerce-MyAccount-navigation-link--edit-account\">\n\t\t\t\t<a href=\"https:\/\/gate-of-nations.org\/my-account\/edit-account\/\" >\n\t\t\t\t\tAccount Details\t\t\t\t<\/a>\n\t\t\t<\/li>\n\t\t\t\t\t<li class=\"woocommerce-MyAccount-navigation-link woocommerce-MyAccount-navigation-link--customer-logout\">\n\t\t\t\t<a href=\"https:\/\/gate-of-nations.org\/my-account\/customer-logout\/?_wpnonce=b6ef05949f\" >\n\t\t\t\t\tLogout\t\t\t\t<\/a>\n\t\t\t<\/li>\n\t\t\t\t\t<li class=\"woocommerce-MyAccount-navigation-link woocommerce-MyAccount-navigation-link--payment-methods\">\n\t\t\t\t<a href=\"https:\/\/gate-of-nations.org\/my-account\/payment-methods\/\" >\n\t\t\t\t\tZahlungsmethoden\t\t\t\t<\/a>\n\t\t\t<\/li>\n\t\t\t<\/ul>\n<\/nav>\n\n\n\t\t\t\t\t<\/div>\n\t\t            \t\t<div class=\"eael-account-dashboard-content\">\n\t\t\t<div class=\"woocommerce\"><div class=\"woocommerce-notices-wrapper\"><\/div>\n\n\t\t<h2>Anmelden<\/h2>\n\n\t\t<form class=\"woocommerce-form woocommerce-form-login login\" method=\"post\" novalidate>\n\n\t\t\t\n\t\t\t<p class=\"woocommerce-form-row woocommerce-form-row--wide form-row form-row-wide\">\n\t\t\t\t<label for=\"username\">Benutzername oder E-Mail-Adresse&nbsp;<span class=\"required\" aria-hidden=\"true\">*<\/span><span class=\"screen-reader-text\">Erforderlich<\/span><\/label>\n\t\t\t\t<input type=\"text\" class=\"woocommerce-Input woocommerce-Input--text input-text\" name=\"username\" id=\"username\" autocomplete=\"username\" value=\"\" required aria-required=\"true\" \/>\t\t\t<\/p>\n\t\t\t<p class=\"woocommerce-form-row woocommerce-form-row--wide form-row form-row-wide\">\n\t\t\t\t<label for=\"password\">Passwort&nbsp;<span class=\"required\" aria-hidden=\"true\">*<\/span><span class=\"screen-reader-text\">Erforderlich<\/span><\/label>\n\t\t\t\t<input class=\"woocommerce-Input woocommerce-Input--text input-text\" type=\"password\" name=\"password\" id=\"password\" autocomplete=\"current-password\" required aria-required=\"true\" \/>\n\t\t\t<\/p>\n\n\t\t\t\n\t\t\t<p class=\"form-row\">\n\t\t\t\t<label class=\"woocommerce-form__label woocommerce-form__label-for-checkbox woocommerce-form-login__rememberme\">\n\t\t\t\t\t<input class=\"woocommerce-form__input woocommerce-form__input-checkbox\" name=\"rememberme\" type=\"checkbox\" id=\"rememberme\" value=\"forever\" \/> <span>Angemeldet bleiben<\/span>\n\t\t\t\t<\/label>\n\t\t\t\t<input type=\"hidden\" id=\"woocommerce-login-nonce\" name=\"woocommerce-login-nonce\" value=\"3b88db415e\" \/><input type=\"hidden\" name=\"_wp_http_referer\" value=\"\/de\/wp-json\/wp\/v2\/pages\/30675\" \/>\t\t\t\t<button type=\"submit\" class=\"woocommerce-button button woocommerce-form-login__submit\" name=\"login\" value=\"Anmelden\">Anmelden<\/button>\n\t\t\t<\/p>\n\t\t\t<p class=\"woocommerce-LostPassword lost_password\">\n\t\t\t\t<a href=\"https:\/\/gate-of-nations.org\/my-account\/lost-password\/\">Passwort vergessen?<\/a>\n\t\t\t<\/p>\n\n\t\t\t\n\t\t<\/form>\n\n\n<\/div>\t\t<\/div>\n\t\t        <\/div>\n    <\/div>\n<\/div>        <\/div>\n\n\t\t\t\t\t\t<\/div>\n\t\t\t\t<\/div>\n\t\t\t\t\t<\/div>\n\t\t\t\t<\/div>\n\t\t\t\t<\/div>\n\t\t","protected":false},"excerpt":{"rendered":"<p>Armaturenbrett Auftr\u00e4ge Downloads Adressen Kontodetails Ausloggen Hallo faralogic Armaturenbrett Auftr\u00e4ge Downloads Adressen Kontodetails Ausloggen Hallofaralogic (nicht faralogic? Ausloggen) Von Ihrem Konto-Dashboard aus k\u00f6nnen Sie Ihre letzten Bestellungen einsehen, Verwalten Sie Ihre Liefer- und Rechnungsadressen, und bearbeiten Sie Ihr Passwort und Ihre Kontodetails.<\/p>\n","protected":false},"author":1,"featured_media":0,"parent":0,"menu_order":0,"comment_status":"closed","ping_status":"closed","template":"","meta":{"_acf_changed":false,"footnotes":""},"class_list":["post-30675","page","type-page","status-publish","hentry"],"acf":[],"yoast_head":"<!-- This site is optimized with the Yoast SEO Premium plugin v27.4 (Yoast SEO v27.5) - https:\/\/yoast.com\/product\/yoast-seo-premium-wordpress\/ -->\n<title>Mein Konto - German Tour Operator<\/title>\n<meta name=\"robots\" content=\"index, follow, max-snippet:-1, max-image-preview:large, max-video-preview:-1\" \/>\n<link rel=\"canonical\" href=\"https:\/\/gate-of-nations.org\/my-account\/\" \/>\n<meta property=\"og:locale\" content=\"de_DE\" \/>\n<meta property=\"og:type\" content=\"article\" \/>\n<meta property=\"og:title\" content=\"German Tour Operator\" \/>\n<meta property=\"og:description\" content=\"Armaturenbrett Auftr\u00e4ge Downloads Adressen Kontodetails Ausloggen Hallo faralogic Armaturenbrett Auftr\u00e4ge Downloads Adressen Kontodetails Ausloggen Hallofaralogic (nicht faralogic? Ausloggen) Von Ihrem Konto-Dashboard aus k\u00f6nnen Sie Ihre letzten Bestellungen einsehen, Verwalten Sie Ihre Liefer- und Rechnungsadressen, und bearbeiten Sie Ihr Passwort und Ihre Kontodetails.\" \/>\n<meta property=\"og:url\" content=\"https:\/\/gate-of-nations.org\/my-account\/\" \/>\n<meta property=\"og:site_name\" content=\"German Tour Operator\" \/>\n<meta property=\"article:publisher\" content=\"https:\/\/www.facebook.com\/GateOfNations\/\" \/>\n<meta property=\"article:modified_time\" content=\"2024-07-17T08:31:28+00:00\" \/>\n<meta property=\"og:image\" content=\"https:\/\/secure.gravatar.com\/avatar\/54e61c582752983fe64f6b27920dd228?s=100&amp;d=mm&amp;r=g\" \/>\n<meta name=\"twitter:card\" content=\"summary_large_image\" \/>\n<meta name=\"twitter:site\" content=\"@Gate_Of_Nations\" \/>\n<script type=\"application\/ld+json\" class=\"yoast-schema-graph\">{\"@context\":\"https:\\\/\\\/schema.org\",\"@graph\":[{\"@type\":\"WebPage\",\"@id\":\"https:\\\/\\\/gate-of-nations.org\\\/my-account\\\/\",\"url\":\"https:\\\/\\\/gate-of-nations.org\\\/my-account\\\/\",\"name\":\"Mein Konto - German Tour Operator\",\"isPartOf\":{\"@id\":\"https:\\\/\\\/gate-of-nations.org\\\/#website\"},\"primaryImageOfPage\":{\"@id\":\"https:\\\/\\\/gate-of-nations.org\\\/my-account\\\/#primaryimage\"},\"image\":{\"@id\":\"https:\\\/\\\/gate-of-nations.org\\\/my-account\\\/#primaryimage\"},\"thumbnailUrl\":\"https:\\\/\\\/secure.gravatar.com\\\/avatar\\\/54e61c582752983fe64f6b27920dd228?s=100&amp;d=mm&amp;r=g\",\"datePublished\":\"2024-01-13T17:18:26+00:00\",\"dateModified\":\"2024-07-17T08:31:28+00:00\",\"breadcrumb\":{\"@id\":\"https:\\\/\\\/gate-of-nations.org\\\/my-account\\\/#breadcrumb\"},\"inLanguage\":\"de\",\"potentialAction\":[{\"@type\":\"ReadAction\",\"target\":[\"https:\\\/\\\/gate-of-nations.org\\\/my-account\\\/\"]}]},{\"@type\":\"ImageObject\",\"inLanguage\":\"de\",\"@id\":\"https:\\\/\\\/gate-of-nations.org\\\/my-account\\\/#primaryimage\",\"url\":\"https:\\\/\\\/secure.gravatar.com\\\/avatar\\\/54e61c582752983fe64f6b27920dd228?s=100&amp;d=mm&amp;r=g\",\"contentUrl\":\"https:\\\/\\\/secure.gravatar.com\\\/avatar\\\/54e61c582752983fe64f6b27920dd228?s=100&amp;d=mm&amp;r=g\"},{\"@type\":\"BreadcrumbList\",\"@id\":\"https:\\\/\\\/gate-of-nations.org\\\/my-account\\\/#breadcrumb\",\"itemListElement\":[{\"@type\":\"ListItem\",\"position\":1,\"name\":\"Home\",\"item\":\"https:\\\/\\\/gate-of-nations.org\\\/\"},{\"@type\":\"ListItem\",\"position\":2,\"name\":\"Mein Konto\"}]},{\"@type\":\"WebSite\",\"@id\":\"https:\\\/\\\/gate-of-nations.org\\\/#website\",\"url\":\"https:\\\/\\\/gate-of-nations.org\\\/\",\"name\":\"German Tour Operator\",\"description\":\"German Tour Operator\",\"publisher\":{\"@id\":\"https:\\\/\\\/gate-of-nations.org\\\/#organization\"},\"alternateName\":\"Gate Of Nations\",\"potentialAction\":[{\"@type\":\"SearchAction\",\"target\":{\"@type\":\"EntryPoint\",\"urlTemplate\":\"https:\\\/\\\/gate-of-nations.org\\\/?s={search_term_string}\"},\"query-input\":{\"@type\":\"PropertyValueSpecification\",\"valueRequired\":true,\"valueName\":\"search_term_string\"}}],\"inLanguage\":\"de\"},{\"@type\":\"Organization\",\"@id\":\"https:\\\/\\\/gate-of-nations.org\\\/#organization\",\"name\":\"Gate Of Nations GmbH\",\"alternateName\":\"Gate Of Nations\",\"url\":\"https:\\\/\\\/gate-of-nations.org\\\/\",\"logo\":{\"@type\":\"ImageObject\",\"inLanguage\":\"de\",\"@id\":\"https:\\\/\\\/gate-of-nations.org\\\/#\\\/schema\\\/logo\\\/image\\\/\",\"url\":\"https:\\\/\\\/gate-of-nations.org\\\/wp-content\\\/uploads\\\/2024\\\/06\\\/Untitled-1.png\",\"contentUrl\":\"https:\\\/\\\/gate-of-nations.org\\\/wp-content\\\/uploads\\\/2024\\\/06\\\/Untitled-1.png\",\"width\":1920,\"height\":1080,\"caption\":\"Gate Of Nations GmbH\"},\"image\":{\"@id\":\"https:\\\/\\\/gate-of-nations.org\\\/#\\\/schema\\\/logo\\\/image\\\/\"},\"sameAs\":[\"https:\\\/\\\/www.facebook.com\\\/GateOfNations\\\/\",\"https:\\\/\\\/x.com\\\/Gate_Of_Nations\",\"https:\\\/\\\/www.youtube.com\\\/channel\\\/UC3e4sfL8N3NTUz2gAU_o3ww\",\"https:\\\/\\\/www.linkedin.com\\\/company\\\/18805700\\\/admin\\\/dashboard\\\/\",\"https:\\\/\\\/www.pinterest.de\\\/GateOfNations\\\/\",\"https:\\\/\\\/www.instagram.com\\\/gate_of_nations?igsh=MXQ0d2YwejZ5aWFjYg&utm_source=qr\"],\"description\":\"Gate of Nations is a German tour operator that providing escorted and self-guided tours of Europe, the Middle East, Persian and even more. Although our main focus is to connect different cultures and nationalities in the form of travel and introduce global values to visited and discovered, The introduction is not limited to tours and travel, but to arts and culture: we also support music concerts and workshops and other artistic and cultural events\u2026\",\"email\":\"info@gate-of-nations.org\",\"telephone\":\"(+49) 43122122198\",\"legalName\":\"Gate of Nations\",\"numberOfEmployees\":{\"@type\":\"QuantitativeValue\",\"minValue\":\"1\",\"maxValue\":\"10\"}}]}<\/script>\n<!-- \/ Yoast SEO Premium plugin. -->","yoast_head_json":{"title":"Mein Konto - German Tour Operator","robots":{"index":"index","follow":"follow","max-snippet":"max-snippet:-1","max-image-preview":"max-image-preview:large","max-video-preview":"max-video-preview:-1"},"canonical":"https:\/\/gate-of-nations.org\/my-account\/","og_locale":"de_DE","og_type":"article","og_title":"German Tour Operator","og_description":"Armaturenbrett Auftr\u00e4ge Downloads Adressen Kontodetails Ausloggen Hallo faralogic Armaturenbrett Auftr\u00e4ge Downloads Adressen Kontodetails Ausloggen Hallofaralogic (nicht faralogic? Ausloggen) Von Ihrem Konto-Dashboard aus k\u00f6nnen Sie Ihre letzten Bestellungen einsehen, Verwalten Sie Ihre Liefer- und Rechnungsadressen, und bearbeiten Sie Ihr Passwort und Ihre Kontodetails.","og_url":"https:\/\/gate-of-nations.org\/my-account\/","og_site_name":"German Tour Operator","article_publisher":"https:\/\/www.facebook.com\/GateOfNations\/","article_modified_time":"2024-07-17T08:31:28+00:00","og_image":[{"url":"https:\/\/secure.gravatar.com\/avatar\/54e61c582752983fe64f6b27920dd228?s=100&amp;d=mm&amp;r=g","type":"","width":"","height":""}],"twitter_card":"summary_large_image","twitter_site":"@Gate_Of_Nations","schema":{"@context":"https:\/\/schema.org","@graph":[{"@type":"WebPage","@id":"https:\/\/gate-of-nations.org\/my-account\/","url":"https:\/\/gate-of-nations.org\/my-account\/","name":"Mein Konto - German Tour Operator","isPartOf":{"@id":"https:\/\/gate-of-nations.org\/#website"},"primaryImageOfPage":{"@id":"https:\/\/gate-of-nations.org\/my-account\/#primaryimage"},"image":{"@id":"https:\/\/gate-of-nations.org\/my-account\/#primaryimage"},"thumbnailUrl":"https:\/\/secure.gravatar.com\/avatar\/54e61c582752983fe64f6b27920dd228?s=100&amp;d=mm&amp;r=g","datePublished":"2024-01-13T17:18:26+00:00","dateModified":"2024-07-17T08:31:28+00:00","breadcrumb":{"@id":"https:\/\/gate-of-nations.org\/my-account\/#breadcrumb"},"inLanguage":"de","potentialAction":[{"@type":"ReadAction","target":["https:\/\/gate-of-nations.org\/my-account\/"]}]},{"@type":"ImageObject","inLanguage":"de","@id":"https:\/\/gate-of-nations.org\/my-account\/#primaryimage","url":"https:\/\/secure.gravatar.com\/avatar\/54e61c582752983fe64f6b27920dd228?s=100&amp;d=mm&amp;r=g","contentUrl":"https:\/\/secure.gravatar.com\/avatar\/54e61c582752983fe64f6b27920dd228?s=100&amp;d=mm&amp;r=g"},{"@type":"BreadcrumbList","@id":"https:\/\/gate-of-nations.org\/my-account\/#breadcrumb","itemListElement":[{"@type":"ListItem","position":1,"name":"Home","item":"https:\/\/gate-of-nations.org\/"},{"@type":"ListItem","position":2,"name":"Mein Konto"}]},{"@type":"WebSite","@id":"https:\/\/gate-of-nations.org\/#website","url":"https:\/\/gate-of-nations.org\/","name":"German Tour Operator","description":"German Tour Operator","publisher":{"@id":"https:\/\/gate-of-nations.org\/#organization"},"alternateName":"Gate Of Nations","potentialAction":[{"@type":"SearchAction","target":{"@type":"EntryPoint","urlTemplate":"https:\/\/gate-of-nations.org\/?s={search_term_string}"},"query-input":{"@type":"PropertyValueSpecification","valueRequired":true,"valueName":"search_term_string"}}],"inLanguage":"de"},{"@type":"Organization","@id":"https:\/\/gate-of-nations.org\/#organization","name":"Gate Of Nations GmbH","alternateName":"Gate Of Nations","url":"https:\/\/gate-of-nations.org\/","logo":{"@type":"ImageObject","inLanguage":"de","@id":"https:\/\/gate-of-nations.org\/#\/schema\/logo\/image\/","url":"https:\/\/gate-of-nations.org\/wp-content\/uploads\/2024\/06\/Untitled-1.png","contentUrl":"https:\/\/gate-of-nations.org\/wp-content\/uploads\/2024\/06\/Untitled-1.png","width":1920,"height":1080,"caption":"Gate Of Nations GmbH"},"image":{"@id":"https:\/\/gate-of-nations.org\/#\/schema\/logo\/image\/"},"sameAs":["https:\/\/www.facebook.com\/GateOfNations\/","https:\/\/x.com\/Gate_Of_Nations","https:\/\/www.youtube.com\/channel\/UC3e4sfL8N3NTUz2gAU_o3ww","https:\/\/www.linkedin.com\/company\/18805700\/admin\/dashboard\/","https:\/\/www.pinterest.de\/GateOfNations\/","https:\/\/www.instagram.com\/gate_of_nations?igsh=MXQ0d2YwejZ5aWFjYg&utm_source=qr"],"description":"Gate of Nations is a German tour operator that providing escorted and self-guided tours of Europe, the Middle East, Persian and even more. Although our main focus is to connect different cultures and nationalities in the form of travel and introduce global values to visited and discovered, The introduction is not limited to tours and travel, but to arts and culture: we also support music concerts and workshops and other artistic and cultural events\u2026","email":"info@gate-of-nations.org","telephone":"(+49) 43122122198","legalName":"Gate of Nations","numberOfEmployees":{"@type":"QuantitativeValue","minValue":"1","maxValue":"10"}}]}},"_links":{"self":[{"href":"https:\/\/gate-of-nations.org\/de\/wp-json\/wp\/v2\/pages\/30675","targetHints":{"allow":["GET"]}}],"collection":[{"href":"https:\/\/gate-of-nations.org\/de\/wp-json\/wp\/v2\/pages"}],"about":[{"href":"https:\/\/gate-of-nations.org\/de\/wp-json\/wp\/v2\/types\/page"}],"author":[{"embeddable":true,"href":"https:\/\/gate-of-nations.org\/de\/wp-json\/wp\/v2\/users\/1"}],"replies":[{"embeddable":true,"href":"https:\/\/gate-of-nations.org\/de\/wp-json\/wp\/v2\/comments?post=30675"}],"version-history":[{"count":0,"href":"https:\/\/gate-of-nations.org\/de\/wp-json\/wp\/v2\/pages\/30675\/revisions"}],"wp:attachment":[{"href":"https:\/\/gate-of-nations.org\/de\/wp-json\/wp\/v2\/media?parent=30675"}],"curies":[{"name":"wp","href":"https:\/\/api.w.org\/{rel}","templated":true}]}}