{"id":45495,"date":"2025-06-09T16:18:06","date_gmt":"2025-06-09T14:18:06","guid":{"rendered":"https:\/\/gate-of-nations.org\/america\/"},"modified":"2026-01-24T20:26:42","modified_gmt":"2026-01-24T19:26:42","slug":"america","status":"publish","type":"page","link":"https:\/\/gate-of-nations.org\/de\/america\/","title":{"rendered":"Amerika"},"content":{"rendered":"\t\t<div data-elementor-type=\"wp-page\" data-elementor-id=\"45495\" class=\"elementor elementor-45495 elementor-45477\" data-elementor-settings=\"{&quot;element_pack_global_tooltip_width&quot;:{&quot;unit&quot;:&quot;px&quot;,&quot;size&quot;:&quot;&quot;,&quot;sizes&quot;:[]},&quot;element_pack_global_tooltip_width_tablet&quot;:{&quot;unit&quot;:&quot;px&quot;,&quot;size&quot;:&quot;&quot;,&quot;sizes&quot;:[]},&quot;element_pack_global_tooltip_width_mobile&quot;:{&quot;unit&quot;:&quot;px&quot;,&quot;size&quot;:&quot;&quot;,&quot;sizes&quot;:[]},&quot;element_pack_global_tooltip_padding&quot;:{&quot;unit&quot;:&quot;px&quot;,&quot;top&quot;:&quot;&quot;,&quot;right&quot;:&quot;&quot;,&quot;bottom&quot;:&quot;&quot;,&quot;left&quot;:&quot;&quot;,&quot;isLinked&quot;:true},&quot;element_pack_global_tooltip_padding_tablet&quot;:{&quot;unit&quot;:&quot;px&quot;,&quot;top&quot;:&quot;&quot;,&quot;right&quot;:&quot;&quot;,&quot;bottom&quot;:&quot;&quot;,&quot;left&quot;:&quot;&quot;,&quot;isLinked&quot;:true},&quot;element_pack_global_tooltip_padding_mobile&quot;:{&quot;unit&quot;:&quot;px&quot;,&quot;top&quot;:&quot;&quot;,&quot;right&quot;:&quot;&quot;,&quot;bottom&quot;:&quot;&quot;,&quot;left&quot;:&quot;&quot;,&quot;isLinked&quot;:true},&quot;element_pack_global_tooltip_border_radius&quot;:{&quot;unit&quot;:&quot;px&quot;,&quot;top&quot;:&quot;&quot;,&quot;right&quot;:&quot;&quot;,&quot;bottom&quot;:&quot;&quot;,&quot;left&quot;:&quot;&quot;,&quot;isLinked&quot;:true},&quot;element_pack_global_tooltip_border_radius_tablet&quot;:{&quot;unit&quot;:&quot;px&quot;,&quot;top&quot;:&quot;&quot;,&quot;right&quot;:&quot;&quot;,&quot;bottom&quot;:&quot;&quot;,&quot;left&quot;:&quot;&quot;,&quot;isLinked&quot;:true},&quot;element_pack_global_tooltip_border_radius_mobile&quot;:{&quot;unit&quot;:&quot;px&quot;,&quot;top&quot;:&quot;&quot;,&quot;right&quot;:&quot;&quot;,&quot;bottom&quot;:&quot;&quot;,&quot;left&quot;:&quot;&quot;,&quot;isLinked&quot;:true}}\" data-elementor-post-type=\"page\">\n\t\t\t\t<div class=\"elementor-element elementor-element-37c0cfe e-flex e-con-boxed e-con e-parent\" data-id=\"37c0cfe\" data-element_type=\"container\" data-e-type=\"container\">\n\t\t\t\t\t<div class=\"e-con-inner\">\n\t\t<div class=\"elementor-element elementor-element-992af69 e-con-full e-flex e-con e-child\" data-id=\"992af69\" data-element_type=\"container\" data-e-type=\"container\">\n\t\t\t\t<div class=\"elementor-element elementor-element-f4ee5e5 elementor-widget elementor-widget-heading\" data-id=\"f4ee5e5\" data-element_type=\"widget\" data-e-type=\"widget\" data-widget_type=\"heading.default\">\n\t\t\t\t<div class=\"elementor-widget-container\">\n\t\t\t\t\t<h1 class=\"elementor-heading-title elementor-size-default\">Unvergessliche Reisen \u00fcber einen Kontinent voller Wunder \u2013 Amerika-Reisen<\/h1>\t\t\t\t<\/div>\n\t\t\t\t<\/div>\n\t\t\t\t<div class=\"elementor-element elementor-element-4a27f10 elementor-widget elementor-widget-text-editor\" data-id=\"4a27f10\" data-element_type=\"widget\" data-e-type=\"widget\" data-widget_type=\"text-editor.default\">\n\t\t\t\t<div class=\"elementor-widget-container\">\n\t\t\t\t\t\t\t\t\t<p>on den majest\u00e4tischen Gipfeln der Rocky Mountains bis hin zu den pulsierenden St\u00e4dten S\u00fcdamerikas versprechen unsere Amerika-Reisen ein faszinierendes Mosaik aus Landschaften, Kulturen und unvergesslichen Momenten. Schon bald werden unsere Reiseangebote die ganze Vielfalt Nord- und S\u00fcdamerikas abdecken \u2013 mit sorgf\u00e4ltig ausgew\u00e4hlten Erlebnissen, die Naturwunder, historische St\u00e4tten und weltber\u00fchmte Kulinarik vereinen. Ob Sie das Abenteuer in Patagonien suchen, kulturelle Sch\u00e4tze in Mexiko entdecken oder das Stadtleben in den USA und Kanada erleben m\u00f6chten \u2013 unsere zuk\u00fcnftigen Amerika-Reisen bieten kulturelle Highlights, aktive Touren und t\u00e4gliche Ausfl\u00fcge f\u00fcr jeden Reisetyp. Bleiben Sie gespannt \u2013 eine vollst\u00e4ndige Kollektion spannender Amerika-Reisen folgt in K\u00fcrze!<\/p>\n\t\t\t\t\t\t\t\t<\/div>\n\t\t\t\t<\/div>\n\t\t\t\t<\/div>\n\t\t\t\t\t<\/div>\n\t\t\t\t<\/div>\n\t\t<div class=\"elementor-element elementor-element-3a6ab02 e-flex e-con-boxed e-con e-parent\" data-id=\"3a6ab02\" data-element_type=\"container\" data-e-type=\"container\">\n\t\t\t\t\t<div class=\"e-con-inner\">\n\t\t\t\t<div class=\"elementor-element elementor-element-5f88f49 elementor-widget-divider--view-line elementor-widget elementor-widget-divider\" data-id=\"5f88f49\" data-element_type=\"widget\" data-e-type=\"widget\" data-widget_type=\"divider.default\">\n\t\t\t\t<div class=\"elementor-widget-container\">\n\t\t\t\t\t\t\t<div class=\"elementor-divider\">\n\t\t\t<span class=\"elementor-divider-separator\">\n\t\t\t\t\t\t<\/span>\n\t\t<\/div>\n\t\t\t\t\t\t<\/div>\n\t\t\t\t<\/div>\n\t\t\t\t\t<\/div>\n\t\t\t\t<\/div>\n\t\t<div class=\"elementor-element elementor-element-a6078db elementor-hidden-desktop elementor-hidden-tablet elementor-hidden-mobile e-flex e-con-boxed e-con e-parent\" data-id=\"a6078db\" data-element_type=\"container\" data-e-type=\"container\">\n\t\t\t\t\t<div class=\"e-con-inner\">\n\t\t\t\t<div class=\"elementor-element elementor-element-98d7658 elementor-widget elementor-widget-elementskit-simple-tab\" data-id=\"98d7658\" data-element_type=\"widget\" data-e-type=\"widget\" data-widget_type=\"elementskit-simple-tab.default\">\n\t\t\t\t<div class=\"elementor-widget-container\">\n\t\t\t\t\t<div class=\"ekit-wid-con\" >        <div class=\"elementkit-tab-wraper   elementskit-fitcontent-tab \">\n            <ul class=\"nav nav-tabs elementkit-tab-nav \">\n                                    <li class=\"elementkit-nav-item elementor-repeater-item-6881fdc\">\n                        <a class=\"elementkit-nav-link  active show left-pos\" id=\"content-6881fdc69e4fd9d09c00-tab\" data-ekit-handler-id=\"ganz-asien\" data-ekit-toggle=\"tab\" data-target=\"#content-6881fdc69e4fd9d09c00\" href=\"#Content-6881fdc69e4fd9d09c00\"\n                            data-ekit-toggle-trigger=\"mouseenter\"\n                            aria-describedby=\"Content-6881fdc69e4fd9d09c00\">\n                            <span class=\"elementskit-tab-icon\"><\/span>                            <span class=\"elementskit-tab-title\">Ganz Asien<\/span>\n                        <\/a>\n                    <\/li>\n                                        <li class=\"elementkit-nav-item elementor-repeater-item-7239e5b\">\n                        <a class=\"elementkit-nav-link  left-pos\" id=\"content-7239e5b69e4fd9d09c00-tab\" data-ekit-handler-id=\"china\" data-ekit-toggle=\"tab\" data-target=\"#content-7239e5b69e4fd9d09c00\" href=\"#Content-7239e5b69e4fd9d09c00\"\n                            data-ekit-toggle-trigger=\"mouseenter\"\n                            aria-describedby=\"Content-7239e5b69e4fd9d09c00\">\n                            <span class=\"elementskit-tab-icon\"><\/span>                            <span class=\"elementskit-tab-title\">China<\/span>\n                        <\/a>\n                    <\/li>\n                                        <li class=\"elementkit-nav-item elementor-repeater-item-3efc7b8\">\n                        <a class=\"elementkit-nav-link  left-pos\" id=\"content-3efc7b869e4fd9d09c00-tab\" data-ekit-handler-id=\"japan\" data-ekit-toggle=\"tab\" data-target=\"#content-3efc7b869e4fd9d09c00\" href=\"#Content-3efc7b869e4fd9d09c00\"\n                            data-ekit-toggle-trigger=\"mouseenter\"\n                            aria-describedby=\"Content-3efc7b869e4fd9d09c00\">\n                            <span class=\"elementskit-tab-icon\"><\/span>                            <span class=\"elementskit-tab-title\">Japan<\/span>\n                        <\/a>\n                    <\/li>\n                                <\/ul>\n\n            <div class=\"tab-content elementkit-tab-content\">\n                                    <div class=\"tab-pane elementkit-tab-pane elementor-repeater-item-6881fdc  active show\" id=\"content-6881fdc69e4fd9d09c00\" role=\"tabpanel\"\n                         aria-labelledby=\"content-6881fdc69e4fd9d09c00-tab\">\n                        <div class=\"animated fadeIn\">\n                            \n                        <\/div>\n                    <\/div>\n                                    <div class=\"tab-pane elementkit-tab-pane elementor-repeater-item-7239e5b \" id=\"content-7239e5b69e4fd9d09c00\" role=\"tabpanel\"\n                         aria-labelledby=\"content-7239e5b69e4fd9d09c00-tab\">\n                        <div class=\"animated fadeIn\">\n                            \n                        <\/div>\n                    <\/div>\n                                    <div class=\"tab-pane elementkit-tab-pane elementor-repeater-item-3efc7b8 \" id=\"content-3efc7b869e4fd9d09c00\" role=\"tabpanel\"\n                         aria-labelledby=\"content-3efc7b869e4fd9d09c00-tab\">\n                        <div class=\"animated fadeIn\">\n                            \n                        <\/div>\n                    <\/div>\n                                \n            <\/div>\n                                <script type=\"application\/ld+json\">{\"@context\":\"https:\/\/schema.org\",\"@type\":\"FAQPage\",\"mainEntity\":[{\"@type\":\"Question\",\"name\":\"Ganz Asien\",\"acceptedAnswer\":{\"@type\":\"Answer\",\"text\":\"<p><\/p>\\n\"}},{\"@type\":\"Question\",\"name\":\"China\",\"acceptedAnswer\":{\"@type\":\"Answer\",\"text\":\"<p><\/p>\\n\"}},{\"@type\":\"Question\",\"name\":\"Japan\",\"acceptedAnswer\":{\"@type\":\"Answer\",\"text\":\"<p><\/p>\\n\"}}]}<\/script>\n                            <\/div>\n    <\/div>\t\t\t\t<\/div>\n\t\t\t\t<\/div>\n\t\t\t\t\t<\/div>\n\t\t\t\t<\/div>\n\t\t<div class=\"elementor-element elementor-element-f1f8189 e-flex e-con-boxed e-con e-parent\" data-id=\"f1f8189\" data-element_type=\"container\" data-e-type=\"container\">\n\t\t\t\t\t<div class=\"e-con-inner\">\n\t\t\t\t<div class=\"elementor-element elementor-element-578ad34 elementor-widget-divider--view-line elementor-widget elementor-widget-divider\" data-id=\"578ad34\" data-element_type=\"widget\" data-e-type=\"widget\" data-widget_type=\"divider.default\">\n\t\t\t\t<div class=\"elementor-widget-container\">\n\t\t\t\t\t\t\t<div class=\"elementor-divider\">\n\t\t\t<span class=\"elementor-divider-separator\">\n\t\t\t\t\t\t<\/span>\n\t\t<\/div>\n\t\t\t\t\t\t<\/div>\n\t\t\t\t<\/div>\n\t\t\t\t\t<\/div>\n\t\t\t\t<\/div>\n\t\t<div class=\"elementor-element elementor-element-4f717e8 e-flex e-con-boxed e-con e-parent\" data-id=\"4f717e8\" data-element_type=\"container\" data-e-type=\"container\">\n\t\t\t\t\t<div class=\"e-con-inner\">\n\t\t\t\t<div class=\"elementor-element elementor-element-6578cdb elementor-widget elementor-widget-heading\" data-id=\"6578cdb\" data-element_type=\"widget\" data-e-type=\"widget\" data-widget_type=\"heading.default\">\n\t\t\t\t<div class=\"elementor-widget-container\">\n\t\t\t\t\t<h2 class=\"elementor-heading-title elementor-size-default\">Asien- und Nahost-Destinationen<\/h2>\t\t\t\t<\/div>\n\t\t\t\t<\/div>\n\t\t\t\t<div class=\"elementor-element elementor-element-25d834c elementor-align-center elementor-widget elementor-widget-button\" data-id=\"25d834c\" data-element_type=\"widget\" data-e-type=\"widget\" data-widget_type=\"button.default\">\n\t\t\t\t<div class=\"elementor-widget-container\">\n\t\t\t\t\t\t\t\t\t<div class=\"elementor-button-wrapper\">\n\t\t\t\t\t<a class=\"elementor-button elementor-button-link elementor-size-md elementor-animation-grow\" href=\"https:\/\/gate-of-nations.org\/de\/top-reiseziele-im-iran\/\">\n\t\t\t\t\t\t<span class=\"elementor-button-content-wrapper\">\n\t\t\t\t\t\t\t\t\t<span class=\"elementor-button-text\">Mehr Ziele<\/span>\n\t\t\t\t\t<\/span>\n\t\t\t\t\t<\/a>\n\t\t\t\t<\/div>\n\t\t\t\t\t\t\t\t<\/div>\n\t\t\t\t<\/div>\n\t\t\t\t\t<\/div>\n\t\t\t\t<\/div>\n\t\t\t\t<\/div>\n\t\t","protected":false},"excerpt":{"rendered":"<p>Unvergessliche Reisen \u00fcber einen Kontinent voller Wunder \u2013 Amerika-Reisen on den majest\u00e4tischen Gipfeln der Rocky Mountains bis hin zu den pulsierenden St\u00e4dten S\u00fcdamerikas versprechen unsere Amerika-Reisen ein faszinierendes Mosaik aus Landschaften, Kulturen und unvergesslichen Momenten. Schon bald werden unsere Reiseangebote die ganze Vielfalt Nord- und S\u00fcdamerikas abdecken \u2013 mit sorgf\u00e4ltig ausgew\u00e4hlten Erlebnissen, die Naturwunder, historische [&hellip;]<\/p>\n","protected":false},"author":2,"featured_media":37886,"parent":0,"menu_order":0,"comment_status":"closed","ping_status":"closed","template":"","meta":{"_acf_changed":false,"footnotes":""},"class_list":["post-45495","page","type-page","status-publish","has-post-thumbnail","hentry"],"acf":[],"yoast_head":"<!-- This site is optimized with the Yoast SEO Premium plugin v27.0 (Yoast SEO v27.4) - https:\/\/yoast.com\/product\/yoast-seo-premium-wordpress\/ -->\n<title>Die besten Asien-Touren: Top-Reiseziele und unvergessliche Erlebnisse -<\/title>\n<meta name=\"description\" content=\"Entdecken Sie die besten Asien-Touren und die besten Nahost-Tourenpakete. Entdecken Sie atemberaubende Reiseziele, reiche Kulturen und unvergessliche Abenteuer.\" \/>\n<meta name=\"robots\" content=\"index, follow, max-snippet:-1, max-image-preview:large, max-video-preview:-1\" \/>\n<link rel=\"canonical\" href=\"https:\/\/gate-of-nations.org\/de\/america\/\" \/>\n<meta property=\"og:locale\" content=\"de_DE\" \/>\n<meta property=\"og:type\" content=\"article\" \/>\n<meta property=\"og:title\" content=\"German Tour Operator\" \/>\n<meta property=\"og:description\" content=\"Entdecken Sie die besten Asien-Touren und die besten Nahost-Tourenpakete. Entdecken Sie atemberaubende Reiseziele, reiche Kulturen und unvergessliche Abenteuer.\" \/>\n<meta property=\"og:url\" content=\"https:\/\/gate-of-nations.org\/de\/america\/\" \/>\n<meta property=\"og:site_name\" content=\"German Tour Operator\" \/>\n<meta property=\"article:publisher\" content=\"https:\/\/www.facebook.com\/GateOfNations\/\" \/>\n<meta property=\"article:modified_time\" content=\"2026-01-24T19:26:42+00:00\" \/>\n<meta property=\"og:image\" content=\"https:\/\/gate-of-nations.org\/wp-content\/uploads\/2024\/12\/pexels-magda-ehlers-pexels-2845939.jpg\" \/>\n\t<meta property=\"og:image:width\" content=\"1124\" \/>\n\t<meta property=\"og:image:height\" content=\"633\" \/>\n\t<meta property=\"og:image:type\" content=\"image\/jpeg\" \/>\n<meta name=\"twitter:card\" content=\"summary_large_image\" \/>\n<meta name=\"twitter:site\" content=\"@Gate_Of_Nations\" \/>\n<meta name=\"twitter:label1\" content=\"Gesch\u00e4tzte Lesezeit\" \/>\n\t<meta name=\"twitter:data1\" content=\"1\u00a0Minute\" \/>\n<script type=\"application\/ld+json\" class=\"yoast-schema-graph\">{\"@context\":\"https:\\\/\\\/schema.org\",\"@graph\":[{\"@type\":\"WebPage\",\"@id\":\"https:\\\/\\\/gate-of-nations.org\\\/de\\\/america\\\/\",\"url\":\"https:\\\/\\\/gate-of-nations.org\\\/de\\\/america\\\/\",\"name\":\"Die besten Asien-Touren: Top-Reiseziele und unvergessliche Erlebnisse -\",\"isPartOf\":{\"@id\":\"https:\\\/\\\/gate-of-nations.org\\\/#website\"},\"primaryImageOfPage\":{\"@id\":\"https:\\\/\\\/gate-of-nations.org\\\/de\\\/america\\\/#primaryimage\"},\"image\":{\"@id\":\"https:\\\/\\\/gate-of-nations.org\\\/de\\\/america\\\/#primaryimage\"},\"thumbnailUrl\":\"https:\\\/\\\/gate-of-nations.org\\\/wp-content\\\/uploads\\\/2024\\\/12\\\/pexels-magda-ehlers-pexels-2845939.jpg\",\"datePublished\":\"2025-06-09T14:18:06+00:00\",\"dateModified\":\"2026-01-24T19:26:42+00:00\",\"description\":\"Entdecken Sie die besten Asien-Touren und die besten Nahost-Tourenpakete. Entdecken Sie atemberaubende Reiseziele, reiche Kulturen und unvergessliche Abenteuer.\",\"breadcrumb\":{\"@id\":\"https:\\\/\\\/gate-of-nations.org\\\/de\\\/america\\\/#breadcrumb\"},\"inLanguage\":\"de\",\"potentialAction\":[{\"@type\":\"ReadAction\",\"target\":[\"https:\\\/\\\/gate-of-nations.org\\\/de\\\/america\\\/\"]}]},{\"@type\":\"ImageObject\",\"inLanguage\":\"de\",\"@id\":\"https:\\\/\\\/gate-of-nations.org\\\/de\\\/america\\\/#primaryimage\",\"url\":\"https:\\\/\\\/gate-of-nations.org\\\/wp-content\\\/uploads\\\/2024\\\/12\\\/pexels-magda-ehlers-pexels-2845939.jpg\",\"contentUrl\":\"https:\\\/\\\/gate-of-nations.org\\\/wp-content\\\/uploads\\\/2024\\\/12\\\/pexels-magda-ehlers-pexels-2845939.jpg\",\"width\":1124,\"height\":633,\"caption\":\"best asia tours\"},{\"@type\":\"BreadcrumbList\",\"@id\":\"https:\\\/\\\/gate-of-nations.org\\\/de\\\/america\\\/#breadcrumb\",\"itemListElement\":[{\"@type\":\"ListItem\",\"position\":1,\"name\":\"Home\",\"item\":\"https:\\\/\\\/gate-of-nations.org\\\/\"},{\"@type\":\"ListItem\",\"position\":2,\"name\":\"Amerika\"}]},{\"@type\":\"WebSite\",\"@id\":\"https:\\\/\\\/gate-of-nations.org\\\/#website\",\"url\":\"https:\\\/\\\/gate-of-nations.org\\\/\",\"name\":\"German Tour Operator\",\"description\":\"German Tour Operator\",\"publisher\":{\"@id\":\"https:\\\/\\\/gate-of-nations.org\\\/#organization\"},\"alternateName\":\"Gate Of Nations\",\"potentialAction\":[{\"@type\":\"SearchAction\",\"target\":{\"@type\":\"EntryPoint\",\"urlTemplate\":\"https:\\\/\\\/gate-of-nations.org\\\/?s={search_term_string}\"},\"query-input\":{\"@type\":\"PropertyValueSpecification\",\"valueRequired\":true,\"valueName\":\"search_term_string\"}}],\"inLanguage\":\"de\"},{\"@type\":\"Organization\",\"@id\":\"https:\\\/\\\/gate-of-nations.org\\\/#organization\",\"name\":\"Gate Of Nations GmbH\",\"alternateName\":\"Gate Of Nations\",\"url\":\"https:\\\/\\\/gate-of-nations.org\\\/\",\"logo\":{\"@type\":\"ImageObject\",\"inLanguage\":\"de\",\"@id\":\"https:\\\/\\\/gate-of-nations.org\\\/#\\\/schema\\\/logo\\\/image\\\/\",\"url\":\"https:\\\/\\\/gate-of-nations.org\\\/wp-content\\\/uploads\\\/2024\\\/06\\\/Untitled-1.png\",\"contentUrl\":\"https:\\\/\\\/gate-of-nations.org\\\/wp-content\\\/uploads\\\/2024\\\/06\\\/Untitled-1.png\",\"width\":1920,\"height\":1080,\"caption\":\"Gate Of Nations GmbH\"},\"image\":{\"@id\":\"https:\\\/\\\/gate-of-nations.org\\\/#\\\/schema\\\/logo\\\/image\\\/\"},\"sameAs\":[\"https:\\\/\\\/www.facebook.com\\\/GateOfNations\\\/\",\"https:\\\/\\\/x.com\\\/Gate_Of_Nations\",\"https:\\\/\\\/www.youtube.com\\\/channel\\\/UC3e4sfL8N3NTUz2gAU_o3ww\",\"https:\\\/\\\/www.linkedin.com\\\/company\\\/18805700\\\/admin\\\/dashboard\\\/\",\"https:\\\/\\\/www.pinterest.de\\\/GateOfNations\\\/\",\"https:\\\/\\\/www.instagram.com\\\/gate_of_nations?igsh=MXQ0d2YwejZ5aWFjYg&utm_source=qr\"],\"description\":\"Gate of Nations is a German tour operator that providing escorted and self-guided tours of Europe, the Middle East, Persian and even more. Although our main focus is to connect different cultures and nationalities in the form of travel and introduce global values to visited and discovered, The introduction is not limited to tours and travel, but to arts and culture: we also support music concerts and workshops and other artistic and cultural events\u2026\",\"email\":\"info@gate-of-nations.org\",\"telephone\":\"(+49) 43122122198\",\"legalName\":\"Gate of Nations\",\"numberOfEmployees\":{\"@type\":\"QuantitativeValue\",\"minValue\":\"1\",\"maxValue\":\"10\"}}]}<\/script>\n<!-- \/ Yoast SEO Premium plugin. -->","yoast_head_json":{"title":"Die besten Asien-Touren: Top-Reiseziele und unvergessliche Erlebnisse -","description":"Entdecken Sie die besten Asien-Touren und die besten Nahost-Tourenpakete. Entdecken Sie atemberaubende Reiseziele, reiche Kulturen und unvergessliche Abenteuer.","robots":{"index":"index","follow":"follow","max-snippet":"max-snippet:-1","max-image-preview":"max-image-preview:large","max-video-preview":"max-video-preview:-1"},"canonical":"https:\/\/gate-of-nations.org\/de\/america\/","og_locale":"de_DE","og_type":"article","og_title":"German Tour Operator","og_description":"Entdecken Sie die besten Asien-Touren und die besten Nahost-Tourenpakete. Entdecken Sie atemberaubende Reiseziele, reiche Kulturen und unvergessliche Abenteuer.","og_url":"https:\/\/gate-of-nations.org\/de\/america\/","og_site_name":"German Tour Operator","article_publisher":"https:\/\/www.facebook.com\/GateOfNations\/","article_modified_time":"2026-01-24T19:26:42+00:00","og_image":[{"width":1124,"height":633,"url":"https:\/\/gate-of-nations.org\/wp-content\/uploads\/2024\/12\/pexels-magda-ehlers-pexels-2845939.jpg","type":"image\/jpeg"}],"twitter_card":"summary_large_image","twitter_site":"@Gate_Of_Nations","twitter_misc":{"Gesch\u00e4tzte Lesezeit":"1\u00a0Minute"},"schema":{"@context":"https:\/\/schema.org","@graph":[{"@type":"WebPage","@id":"https:\/\/gate-of-nations.org\/de\/america\/","url":"https:\/\/gate-of-nations.org\/de\/america\/","name":"Die besten Asien-Touren: Top-Reiseziele und unvergessliche Erlebnisse -","isPartOf":{"@id":"https:\/\/gate-of-nations.org\/#website"},"primaryImageOfPage":{"@id":"https:\/\/gate-of-nations.org\/de\/america\/#primaryimage"},"image":{"@id":"https:\/\/gate-of-nations.org\/de\/america\/#primaryimage"},"thumbnailUrl":"https:\/\/gate-of-nations.org\/wp-content\/uploads\/2024\/12\/pexels-magda-ehlers-pexels-2845939.jpg","datePublished":"2025-06-09T14:18:06+00:00","dateModified":"2026-01-24T19:26:42+00:00","description":"Entdecken Sie die besten Asien-Touren und die besten Nahost-Tourenpakete. Entdecken Sie atemberaubende Reiseziele, reiche Kulturen und unvergessliche Abenteuer.","breadcrumb":{"@id":"https:\/\/gate-of-nations.org\/de\/america\/#breadcrumb"},"inLanguage":"de","potentialAction":[{"@type":"ReadAction","target":["https:\/\/gate-of-nations.org\/de\/america\/"]}]},{"@type":"ImageObject","inLanguage":"de","@id":"https:\/\/gate-of-nations.org\/de\/america\/#primaryimage","url":"https:\/\/gate-of-nations.org\/wp-content\/uploads\/2024\/12\/pexels-magda-ehlers-pexels-2845939.jpg","contentUrl":"https:\/\/gate-of-nations.org\/wp-content\/uploads\/2024\/12\/pexels-magda-ehlers-pexels-2845939.jpg","width":1124,"height":633,"caption":"best asia tours"},{"@type":"BreadcrumbList","@id":"https:\/\/gate-of-nations.org\/de\/america\/#breadcrumb","itemListElement":[{"@type":"ListItem","position":1,"name":"Home","item":"https:\/\/gate-of-nations.org\/"},{"@type":"ListItem","position":2,"name":"Amerika"}]},{"@type":"WebSite","@id":"https:\/\/gate-of-nations.org\/#website","url":"https:\/\/gate-of-nations.org\/","name":"German Tour Operator","description":"German Tour Operator","publisher":{"@id":"https:\/\/gate-of-nations.org\/#organization"},"alternateName":"Gate Of Nations","potentialAction":[{"@type":"SearchAction","target":{"@type":"EntryPoint","urlTemplate":"https:\/\/gate-of-nations.org\/?s={search_term_string}"},"query-input":{"@type":"PropertyValueSpecification","valueRequired":true,"valueName":"search_term_string"}}],"inLanguage":"de"},{"@type":"Organization","@id":"https:\/\/gate-of-nations.org\/#organization","name":"Gate Of Nations GmbH","alternateName":"Gate Of Nations","url":"https:\/\/gate-of-nations.org\/","logo":{"@type":"ImageObject","inLanguage":"de","@id":"https:\/\/gate-of-nations.org\/#\/schema\/logo\/image\/","url":"https:\/\/gate-of-nations.org\/wp-content\/uploads\/2024\/06\/Untitled-1.png","contentUrl":"https:\/\/gate-of-nations.org\/wp-content\/uploads\/2024\/06\/Untitled-1.png","width":1920,"height":1080,"caption":"Gate Of Nations GmbH"},"image":{"@id":"https:\/\/gate-of-nations.org\/#\/schema\/logo\/image\/"},"sameAs":["https:\/\/www.facebook.com\/GateOfNations\/","https:\/\/x.com\/Gate_Of_Nations","https:\/\/www.youtube.com\/channel\/UC3e4sfL8N3NTUz2gAU_o3ww","https:\/\/www.linkedin.com\/company\/18805700\/admin\/dashboard\/","https:\/\/www.pinterest.de\/GateOfNations\/","https:\/\/www.instagram.com\/gate_of_nations?igsh=MXQ0d2YwejZ5aWFjYg&utm_source=qr"],"description":"Gate of Nations is a German tour operator that providing escorted and self-guided tours of Europe, the Middle East, Persian and even more. Although our main focus is to connect different cultures and nationalities in the form of travel and introduce global values to visited and discovered, The introduction is not limited to tours and travel, but to arts and culture: we also support music concerts and workshops and other artistic and cultural events\u2026","email":"info@gate-of-nations.org","telephone":"(+49) 43122122198","legalName":"Gate of Nations","numberOfEmployees":{"@type":"QuantitativeValue","minValue":"1","maxValue":"10"}}]}},"_links":{"self":[{"href":"https:\/\/gate-of-nations.org\/de\/wp-json\/wp\/v2\/pages\/45495","targetHints":{"allow":["GET"]}}],"collection":[{"href":"https:\/\/gate-of-nations.org\/de\/wp-json\/wp\/v2\/pages"}],"about":[{"href":"https:\/\/gate-of-nations.org\/de\/wp-json\/wp\/v2\/types\/page"}],"author":[{"embeddable":true,"href":"https:\/\/gate-of-nations.org\/de\/wp-json\/wp\/v2\/users\/2"}],"replies":[{"embeddable":true,"href":"https:\/\/gate-of-nations.org\/de\/wp-json\/wp\/v2\/comments?post=45495"}],"version-history":[{"count":0,"href":"https:\/\/gate-of-nations.org\/de\/wp-json\/wp\/v2\/pages\/45495\/revisions"}],"wp:featuredmedia":[{"embeddable":true,"href":"https:\/\/gate-of-nations.org\/de\/wp-json\/wp\/v2\/media\/37886"}],"wp:attachment":[{"href":"https:\/\/gate-of-nations.org\/de\/wp-json\/wp\/v2\/media?parent=45495"}],"curies":[{"name":"wp","href":"https:\/\/api.w.org\/{rel}","templated":true}]}}